{"id":399,"date":"2026-03-26T13:03:29","date_gmt":"2026-03-26T12:03:29","guid":{"rendered":"https:\/\/new.star-gourmet.com\/?post_type=product&#038;p=399"},"modified":"2026-03-26T13:03:32","modified_gmt":"2026-03-26T12:03:32","slug":"arroz-carnaroli-envasado-al-vacio","status":"publish","type":"product","link":"https:\/\/new.star-gourmet.com\/?product=arroz-carnaroli-envasado-al-vacio","title":{"rendered":"ARROZ CARNAROLI Envasado al vac\u00edo"},"content":{"rendered":"<p>El Arroz Carnaroli es una variedad italiana de grano medio, famoso por su textura cremosa y su capacidad de absorber l\u00edquidos. Es ideal para risottos y platos de arroz de alta calidad.<\/p>\n<p>El Arroz Carnaroli es considerado como la variedad premium para risottos debido a su textura m\u00e1s firme y suave sabor, mientras que el Arroz Arborio es una excelente opci\u00f3n para platos de arroz caseros con una textura m\u00e1s cremosa. Ambas variedades son deliciosas y vers\u00e1tiles, y pueden ser utilizadas para crear platos deliciosos y reconfortantes.<\/p>\n<p>El envasado al vac\u00edo garantiza frescura y calidad del arroz, al protegerlo de la humedad y el aire. Preserva sabores y nutrientes, facilita el almacenamiento y transporte, asegurando una experiencia culinaria satisfactoria.<\/p>\n","protected":false},"excerpt":{"rendered":"<p>10 paquetes de 1 kg por caja.<\/p>\n","protected":false},"featured_media":0,"comment_status":"open","ping_status":"closed","template":"","meta":[],"product_brand":[],"product_cat":[29,16],"product_tag":[],"class_list":{"0":"post-399","1":"product","2":"type-product","3":"status-publish","5":"product_cat-arroces","6":"product_cat-specialita","8":"first","9":"instock","10":"shipping-taxable","11":"product-type-simple"},"_links":{"self":[{"href":"https:\/\/new.star-gourmet.com\/index.php?rest_route=\/wp\/v2\/product\/399","targetHints":{"allow":["GET"]}}],"collection":[{"href":"https:\/\/new.star-gourmet.com\/index.php?rest_route=\/wp\/v2\/product"}],"about":[{"href":"https:\/\/new.star-gourmet.com\/index.php?rest_route=\/wp\/v2\/types\/product"}],"replies":[{"embeddable":true,"href":"https:\/\/new.star-gourmet.com\/index.php?rest_route=%2Fwp%2Fv2%2Fcomments&post=399"}],"wp:attachment":[{"href":"https:\/\/new.star-gourmet.com\/index.php?rest_route=%2Fwp%2Fv2%2Fmedia&parent=399"}],"wp:term":[{"taxonomy":"product_brand","embeddable":true,"href":"https:\/\/new.star-gourmet.com\/index.php?rest_route=%2Fwp%2Fv2%2Fproduct_brand&post=399"},{"taxonomy":"product_cat","embeddable":true,"href":"https:\/\/new.star-gourmet.com\/index.php?rest_route=%2Fwp%2Fv2%2Fproduct_cat&post=399"},{"taxonomy":"product_tag","embeddable":true,"href":"https:\/\/new.star-gourmet.com\/index.php?rest_route=%2Fwp%2Fv2%2Fproduct_tag&post=399"}],"curies":[{"name":"wp","href":"https:\/\/api.w.org\/{rel}","templated":true}]}}