{"id":398,"date":"2026-03-26T13:03:29","date_gmt":"2026-03-26T12:03:29","guid":{"rendered":"https:\/\/new.star-gourmet.com\/?post_type=product&#038;p=398"},"modified":"2026-03-26T13:03:32","modified_gmt":"2026-03-26T12:03:32","slug":"fumetto-di-pesce-soluble","status":"publish","type":"product","link":"https:\/\/new.star-gourmet.com\/?product=fumetto-di-pesce-soluble","title":{"rendered":"FUMETTO DI PESCE SOLUBLE"},"content":{"rendered":"<p>Fumet de pescado. Dosif. 50 g\/l.<\/p>\n<p>El preparado soluble para caldo de pescado es obtenido de pescados frescos seleccionados y deshidratado para mejor conservaci\u00f3n. Ideal para enriquecer platos de pescado como sopas, salsas, cremas y risottos. Ahorra tiempo de cocci\u00f3n y evita desperdicios, siendo vers\u00e1til y de alto rendimiento. Tambi\u00e9n puede usarse en polvo para realzar el sabor de pescados congelados y como ingrediente en rellenos de pescado para pastas y crepes. Un potenciador de sabor excepcional para platos deliciosos.<\/p>\n","protected":false},"excerpt":{"rendered":"<p>6 botes de 500 g por caja.<\/p>\n","protected":false},"featured_media":0,"comment_status":"open","ping_status":"closed","template":"","meta":[],"product_brand":[],"product_cat":[28,16],"product_tag":[],"class_list":{"0":"post-398","1":"product","2":"type-product","3":"status-publish","5":"product_cat-fondos","6":"product_cat-specialita","8":"first","9":"instock","10":"shipping-taxable","11":"product-type-simple"},"_links":{"self":[{"href":"https:\/\/new.star-gourmet.com\/index.php?rest_route=\/wp\/v2\/product\/398","targetHints":{"allow":["GET"]}}],"collection":[{"href":"https:\/\/new.star-gourmet.com\/index.php?rest_route=\/wp\/v2\/product"}],"about":[{"href":"https:\/\/new.star-gourmet.com\/index.php?rest_route=\/wp\/v2\/types\/product"}],"replies":[{"embeddable":true,"href":"https:\/\/new.star-gourmet.com\/index.php?rest_route=%2Fwp%2Fv2%2Fcomments&post=398"}],"wp:attachment":[{"href":"https:\/\/new.star-gourmet.com\/index.php?rest_route=%2Fwp%2Fv2%2Fmedia&parent=398"}],"wp:term":[{"taxonomy":"product_brand","embeddable":true,"href":"https:\/\/new.star-gourmet.com\/index.php?rest_route=%2Fwp%2Fv2%2Fproduct_brand&post=398"},{"taxonomy":"product_cat","embeddable":true,"href":"https:\/\/new.star-gourmet.com\/index.php?rest_route=%2Fwp%2Fv2%2Fproduct_cat&post=398"},{"taxonomy":"product_tag","embeddable":true,"href":"https:\/\/new.star-gourmet.com\/index.php?rest_route=%2Fwp%2Fv2%2Fproduct_tag&post=398"}],"curies":[{"name":"wp","href":"https:\/\/api.w.org\/{rel}","templated":true}]}}