{"id":396,"date":"2026-03-26T13:03:29","date_gmt":"2026-03-26T12:03:29","guid":{"rendered":"https:\/\/new.star-gourmet.com\/?post_type=product&#038;p=396"},"modified":"2026-03-26T13:03:32","modified_gmt":"2026-03-26T12:03:32","slug":"preparato-per-brodo-granulare","status":"publish","type":"product","link":"https:\/\/new.star-gourmet.com\/?product=preparato-per-brodo-granulare","title":{"rendered":"PREPARATO PER BRODO \"Granulare\""},"content":{"rendered":"<p>Preparado Granulado de carne para caldo al 8%. Dosificaci\u00f3n 20 g\/l.<\/p>\n<p>Preparado granulado de caldo hecho con extracto de carne de res al 8%, mezclado con ingredientes y sabores de alta calidad. Proporciona un sabor rico y aut\u00e9ntico a carne. Es de alto rendimiento con una baja dosis (20 gramos \/ litro) y es ideal para preparar deliciosos caldos o para realzar platos calientes y fr\u00edos. R\u00e1pido y con sabores intensos, aporta un gusto bien definido a carne. Perfecto para sopas, consom\u00e9s y risottos, as\u00ed como para realzar carnes a la parrilla o guisos. Es una excelente base para cocinar carnes a fuego lento y prolongado.<\/p>\n","protected":false},"excerpt":{"rendered":"<p>6 botes de 700 g por caja.<\/p>\n","protected":false},"featured_media":0,"comment_status":"open","ping_status":"closed","template":"","meta":[],"product_brand":[],"product_cat":[28,16],"product_tag":[],"class_list":{"0":"post-396","1":"product","2":"type-product","3":"status-publish","5":"product_cat-fondos","6":"product_cat-specialita","8":"first","9":"instock","10":"shipping-taxable","11":"product-type-simple"},"_links":{"self":[{"href":"https:\/\/new.star-gourmet.com\/index.php?rest_route=\/wp\/v2\/product\/396","targetHints":{"allow":["GET"]}}],"collection":[{"href":"https:\/\/new.star-gourmet.com\/index.php?rest_route=\/wp\/v2\/product"}],"about":[{"href":"https:\/\/new.star-gourmet.com\/index.php?rest_route=\/wp\/v2\/types\/product"}],"replies":[{"embeddable":true,"href":"https:\/\/new.star-gourmet.com\/index.php?rest_route=%2Fwp%2Fv2%2Fcomments&post=396"}],"wp:attachment":[{"href":"https:\/\/new.star-gourmet.com\/index.php?rest_route=%2Fwp%2Fv2%2Fmedia&parent=396"}],"wp:term":[{"taxonomy":"product_brand","embeddable":true,"href":"https:\/\/new.star-gourmet.com\/index.php?rest_route=%2Fwp%2Fv2%2Fproduct_brand&post=396"},{"taxonomy":"product_cat","embeddable":true,"href":"https:\/\/new.star-gourmet.com\/index.php?rest_route=%2Fwp%2Fv2%2Fproduct_cat&post=396"},{"taxonomy":"product_tag","embeddable":true,"href":"https:\/\/new.star-gourmet.com\/index.php?rest_route=%2Fwp%2Fv2%2Fproduct_tag&post=396"}],"curies":[{"name":"wp","href":"https:\/\/api.w.org\/{rel}","templated":true}]}}