{"id":394,"date":"2026-03-26T13:03:29","date_gmt":"2026-03-26T12:03:29","guid":{"rendered":"https:\/\/new.star-gourmet.com\/?post_type=product&#038;p=394"},"modified":"2026-03-26T13:03:31","modified_gmt":"2026-03-26T12:03:31","slug":"grancrema-5-formaggi","status":"publish","type":"product","link":"https:\/\/new.star-gourmet.com\/?product=grancrema-5-formaggi","title":{"rendered":"GRANCREMA 5 FORMAGGI"},"content":{"rendered":"<p>Crema de 5 quesos con Gorgonzola \"LA SAPORITA\u201d<\/p>\n<p>La crema de queso Gorgonzola es una variante m\u00e1s sabrosa de la crema de queso cl\u00e1sica. La alta calidad de los quesos, su adecuada maduraci\u00f3n y el delicado proceso de elaboraci\u00f3n le otorgan un sabor completo y una textura cremosa, ideal para su uso en cocina y pizzer\u00edas. Es perfecta para enriquecer el men\u00fa tradicional y resolver cualquier necesidad en la cocina. Es un producto listo para usar que evita el largo proceso de elaboraci\u00f3n con quesos frescos. Est\u00e1 disponible todo el a\u00f1o en envases pr\u00e1cticos que mantienen la frescura del producto y evitan desperdicios. Es muy vers\u00e1til en la preparaci\u00f3n de diversos platos como pastas, gnocchi, risotto, lasa\u00f1a, canelones y polenta, as\u00ed como para aderezar carnes, verduras, tostadas, huevos, pizzas, focaccias y volovanes.<\/p>\n","protected":false},"excerpt":{"rendered":"<p>12 latas de 400 g por caja.<\/p>\n","protected":false},"featured_media":0,"comment_status":"open","ping_status":"closed","template":"","meta":[],"product_brand":[],"product_cat":[27,16],"product_tag":[],"class_list":{"0":"post-394","1":"product","2":"type-product","3":"status-publish","5":"product_cat-salsas-y-cremas-italianas","6":"product_cat-specialita","8":"first","9":"instock","10":"shipping-taxable","11":"product-type-simple"},"_links":{"self":[{"href":"https:\/\/new.star-gourmet.com\/index.php?rest_route=\/wp\/v2\/product\/394","targetHints":{"allow":["GET"]}}],"collection":[{"href":"https:\/\/new.star-gourmet.com\/index.php?rest_route=\/wp\/v2\/product"}],"about":[{"href":"https:\/\/new.star-gourmet.com\/index.php?rest_route=\/wp\/v2\/types\/product"}],"replies":[{"embeddable":true,"href":"https:\/\/new.star-gourmet.com\/index.php?rest_route=%2Fwp%2Fv2%2Fcomments&post=394"}],"wp:attachment":[{"href":"https:\/\/new.star-gourmet.com\/index.php?rest_route=%2Fwp%2Fv2%2Fmedia&parent=394"}],"wp:term":[{"taxonomy":"product_brand","embeddable":true,"href":"https:\/\/new.star-gourmet.com\/index.php?rest_route=%2Fwp%2Fv2%2Fproduct_brand&post=394"},{"taxonomy":"product_cat","embeddable":true,"href":"https:\/\/new.star-gourmet.com\/index.php?rest_route=%2Fwp%2Fv2%2Fproduct_cat&post=394"},{"taxonomy":"product_tag","embeddable":true,"href":"https:\/\/new.star-gourmet.com\/index.php?rest_route=%2Fwp%2Fv2%2Fproduct_tag&post=394"}],"curies":[{"name":"wp","href":"https:\/\/api.w.org\/{rel}","templated":true}]}}