{"id":393,"date":"2026-03-26T13:03:29","date_gmt":"2026-03-26T12:03:29","guid":{"rendered":"https:\/\/new.star-gourmet.com\/?post_type=product&#038;p=393"},"modified":"2026-03-26T13:03:31","modified_gmt":"2026-03-26T12:03:31","slug":"salsa-pepperfume-de-pimientos-asados","status":"publish","type":"product","link":"https:\/\/new.star-gourmet.com\/?product=salsa-pepperfume-de-pimientos-asados","title":{"rendered":"SALSA PEPPERFUME DE PIMIENTOS ASADOS"},"content":{"rendered":"<p>La salsa Pepperfum\u00e9 est\u00e1 elaborada con pimientos rojos frescos asados, pelados y triturados con una receta simple y genuina. Conserva los sabores caracter\u00edsticos del pimiento dulce reci\u00e9n recolectado. Es una salsa vers\u00e1til y de f\u00e1cil uso, ideal para acompa\u00f1ar hamburguesas, patatas fritas y carnes a la parrilla. Disponible durante todo el a\u00f1o en un pr\u00e1ctico formato squeezer de 1\/1 para uso en la cocina o en la mesa. Tambi\u00e9n es perfecta para rellenar s\u00e1ndwiches, pizzas, bruschettas, huevos y quesos. Una opci\u00f3n deliciosa para combinar con gnocchis y pasta.<\/p>\n","protected":false},"excerpt":{"rendered":"<p>6 botes de 530 g por caja.<\/p>\n","protected":false},"featured_media":0,"comment_status":"open","ping_status":"closed","template":"","meta":[],"product_brand":[],"product_cat":[27,16],"product_tag":[],"class_list":{"0":"post-393","1":"product","2":"type-product","3":"status-publish","5":"product_cat-salsas-y-cremas-italianas","6":"product_cat-specialita","8":"first","9":"instock","10":"featured","11":"shipping-taxable","12":"product-type-simple"},"_links":{"self":[{"href":"https:\/\/new.star-gourmet.com\/index.php?rest_route=\/wp\/v2\/product\/393","targetHints":{"allow":["GET"]}}],"collection":[{"href":"https:\/\/new.star-gourmet.com\/index.php?rest_route=\/wp\/v2\/product"}],"about":[{"href":"https:\/\/new.star-gourmet.com\/index.php?rest_route=\/wp\/v2\/types\/product"}],"replies":[{"embeddable":true,"href":"https:\/\/new.star-gourmet.com\/index.php?rest_route=%2Fwp%2Fv2%2Fcomments&post=393"}],"wp:attachment":[{"href":"https:\/\/new.star-gourmet.com\/index.php?rest_route=%2Fwp%2Fv2%2Fmedia&parent=393"}],"wp:term":[{"taxonomy":"product_brand","embeddable":true,"href":"https:\/\/new.star-gourmet.com\/index.php?rest_route=%2Fwp%2Fv2%2Fproduct_brand&post=393"},{"taxonomy":"product_cat","embeddable":true,"href":"https:\/\/new.star-gourmet.com\/index.php?rest_route=%2Fwp%2Fv2%2Fproduct_cat&post=393"},{"taxonomy":"product_tag","embeddable":true,"href":"https:\/\/new.star-gourmet.com\/index.php?rest_route=%2Fwp%2Fv2%2Fproduct_tag&post=393"}],"curies":[{"name":"wp","href":"https:\/\/api.w.org\/{rel}","templated":true}]}}