{"id":392,"date":"2026-03-26T13:03:29","date_gmt":"2026-03-26T12:03:29","guid":{"rendered":"https:\/\/new.star-gourmet.com\/?post_type=product&#038;p=392"},"modified":"2026-03-26T13:03:31","modified_gmt":"2026-03-26T12:03:31","slug":"pate-de-aceitunas-negras","status":"publish","type":"product","link":"https:\/\/new.star-gourmet.com\/?product=pate-de-aceitunas-negras","title":{"rendered":"PAT\u00c9 DE ACEITUNAS NEGRAS"},"content":{"rendered":"<p>El pat\u00e9 est\u00e1 elaborado con aceitunas negras tipo <em>taggiasche<\/em> finamente trituradas y mezcladas con aceite de oliva. Tiene un sabor y aroma mediterr\u00e1neo cl\u00e1sico, ideal como condimento para todo tipo de platos o en combinaci\u00f3n con otros ingredientes seg\u00fan recetas espec\u00edficas. Perfecto para enriquecer el men\u00fa tradicional y resolver posibles emergencias en la cocina. Producto listo para usar, evitando el proceso largo de elaboraci\u00f3n de un condimento fresco. Disponible todo el a\u00f1o en pr\u00e1cticos frascos de vidrio que evitan cualquier desperdicio. Contiene un 30% de mayonesa y se combina muy bien con carnes blancas cocidas o asadas; tambi\u00e9n es excelente para s\u00e1ndwiches, bocadillos, bruschettas y pizzas.<\/p>\n","protected":false},"excerpt":{"rendered":"<p>6 botes de cristal de 510 g por caja.<\/p>\n","protected":false},"featured_media":0,"comment_status":"open","ping_status":"closed","template":"","meta":[],"product_brand":[],"product_cat":[27,16],"product_tag":[],"class_list":{"0":"post-392","1":"product","2":"type-product","3":"status-publish","5":"product_cat-salsas-y-cremas-italianas","6":"product_cat-specialita","8":"first","9":"instock","10":"shipping-taxable","11":"product-type-simple"},"_links":{"self":[{"href":"https:\/\/new.star-gourmet.com\/index.php?rest_route=\/wp\/v2\/product\/392","targetHints":{"allow":["GET"]}}],"collection":[{"href":"https:\/\/new.star-gourmet.com\/index.php?rest_route=\/wp\/v2\/product"}],"about":[{"href":"https:\/\/new.star-gourmet.com\/index.php?rest_route=\/wp\/v2\/types\/product"}],"replies":[{"embeddable":true,"href":"https:\/\/new.star-gourmet.com\/index.php?rest_route=%2Fwp%2Fv2%2Fcomments&post=392"}],"wp:attachment":[{"href":"https:\/\/new.star-gourmet.com\/index.php?rest_route=%2Fwp%2Fv2%2Fmedia&parent=392"}],"wp:term":[{"taxonomy":"product_brand","embeddable":true,"href":"https:\/\/new.star-gourmet.com\/index.php?rest_route=%2Fwp%2Fv2%2Fproduct_brand&post=392"},{"taxonomy":"product_cat","embeddable":true,"href":"https:\/\/new.star-gourmet.com\/index.php?rest_route=%2Fwp%2Fv2%2Fproduct_cat&post=392"},{"taxonomy":"product_tag","embeddable":true,"href":"https:\/\/new.star-gourmet.com\/index.php?rest_route=%2Fwp%2Fv2%2Fproduct_tag&post=392"}],"curies":[{"name":"wp","href":"https:\/\/api.w.org\/{rel}","templated":true}]}}