{"id":389,"date":"2026-03-26T13:03:28","date_gmt":"2026-03-26T12:03:28","guid":{"rendered":"https:\/\/new.star-gourmet.com\/?post_type=product&#038;p=389"},"modified":"2026-03-26T13:03:31","modified_gmt":"2026-03-26T12:03:31","slug":"salsa-pesto-de-citricos","status":"publish","type":"product","link":"https:\/\/new.star-gourmet.com\/?product=salsa-pesto-de-citricos","title":{"rendered":"SALSA PESTO DE C\u00cdTRICOS"},"content":{"rendered":"<p>El \"pesto agrumi\" es una variante del cl\u00e1sico pesto italiano que incorpora c\u00edtricos, como limones, naranjas o mandarinas, para a\u00f1adir un toque fresco y c\u00edtrico a la salsa. Esta versi\u00f3n de pesto es especialmente popular en la cocina mediterr\u00e1nea y se utiliza para dar sabor y aroma a una variedad de platos, desde pastas hasta ensaladas y pescados. Los ingredientes incluyen hierbas frescas, almendras, naranjas y limones. El pesto agrumi puede ser una opci\u00f3n refrescante y vers\u00e1til para experimentar en la cocina, especialmente durante los meses m\u00e1s c\u00e1lidos. Su sabor vibrante y c\u00edtrico puede realzar una amplia gama de platos y darles un toque especial.<\/p>\n<div id=\"simple-translate\" class=\"simple-translate-system-theme\">\n<div>\n<div class=\"simple-translate-button isShow\" style=\"background-image: url('chrome-extension:\/\/ibplnjkanclpjokhdolnendpplpjiace\/icons\/512.png'); height: 22px; width: 22px; top: 109px; left: 561px;\"><\/div>\n<div class=\"simple-translate-panel \" style=\"width: 300px; height: 200px; top: 0px; left: 0px; font-size: 13px;\">\n<div class=\"simple-translate-result-wrapper\" style=\"overflow: hidden;\">\n<div class=\"simple-translate-move\" draggable=\"true\"><\/div>\n<div class=\"simple-translate-result-contents\">\n<p class=\"simple-translate-result\" dir=\"auto\">\n<p class=\"simple-translate-candidate\" dir=\"auto\">\n<\/div>\n<\/div>\n<\/div>\n<\/div>\n<\/div>\n","protected":false},"excerpt":{"rendered":"<p>6 botes de cristal de 500 g por caja.<\/p>\n","protected":false},"featured_media":0,"comment_status":"open","ping_status":"closed","template":"","meta":[],"product_brand":[],"product_cat":[27,16],"product_tag":[],"class_list":{"0":"post-389","1":"product","2":"type-product","3":"status-publish","5":"product_cat-salsas-y-cremas-italianas","6":"product_cat-specialita","8":"first","9":"instock","10":"shipping-taxable","11":"product-type-simple"},"_links":{"self":[{"href":"https:\/\/new.star-gourmet.com\/index.php?rest_route=\/wp\/v2\/product\/389","targetHints":{"allow":["GET"]}}],"collection":[{"href":"https:\/\/new.star-gourmet.com\/index.php?rest_route=\/wp\/v2\/product"}],"about":[{"href":"https:\/\/new.star-gourmet.com\/index.php?rest_route=\/wp\/v2\/types\/product"}],"replies":[{"embeddable":true,"href":"https:\/\/new.star-gourmet.com\/index.php?rest_route=%2Fwp%2Fv2%2Fcomments&post=389"}],"wp:attachment":[{"href":"https:\/\/new.star-gourmet.com\/index.php?rest_route=%2Fwp%2Fv2%2Fmedia&parent=389"}],"wp:term":[{"taxonomy":"product_brand","embeddable":true,"href":"https:\/\/new.star-gourmet.com\/index.php?rest_route=%2Fwp%2Fv2%2Fproduct_brand&post=389"},{"taxonomy":"product_cat","embeddable":true,"href":"https:\/\/new.star-gourmet.com\/index.php?rest_route=%2Fwp%2Fv2%2Fproduct_cat&post=389"},{"taxonomy":"product_tag","embeddable":true,"href":"https:\/\/new.star-gourmet.com\/index.php?rest_route=%2Fwp%2Fv2%2Fproduct_tag&post=389"}],"curies":[{"name":"wp","href":"https:\/\/api.w.org\/{rel}","templated":true}]}}