{"id":388,"date":"2026-03-26T13:03:28","date_gmt":"2026-03-26T12:03:28","guid":{"rendered":"https:\/\/new.star-gourmet.com\/?post_type=product&#038;p=388"},"modified":"2026-03-26T13:03:31","modified_gmt":"2026-03-26T12:03:31","slug":"salsa-pesto-di-pistacchio","status":"publish","type":"product","link":"https:\/\/new.star-gourmet.com\/?product=salsa-pesto-di-pistacchio","title":{"rendered":"SALSA PESTO DI PISTACCHIO"},"content":{"rendered":"<p>El pesto de pistachos se elabora con ingredientes naturales y genuinos, siguiendo la tradicional receta siciliana para obtener una salsa con el mismo sabor fresco y arom\u00e1tico que la casera. Esta salsa t\u00edpica del sur de Italia, que recientemente ha ganado popularidad en la restauraci\u00f3n a nivel nacional, es tendencia entre chefs y pizzeros que buscan platos alternativos e innovadores en sus men\u00fas. El pr\u00e1ctico envase de cristal evita el desperdicio y lo hace disponible durante todo el a\u00f1o. El pesto de pistachos, con sofrito de cebolla y panceta dulce, es un condimento ideal para platos de pasta veraniegos. Se presta a personalizaciones con almendras, menta y Parmigiano Reggiano, o con albahaca y ralladura de lim\u00f3n, entre otras opciones. Tambi\u00e9n es interesante con calabacines, berenjenas, tomates secos y camarones. Es una excelente opci\u00f3n para pizzas gourmet con mortadela y mozzarella de b\u00fafala.<\/p>\n<div id=\"simple-translate\" class=\"simple-translate-system-theme\">\n<div>\n<div class=\"simple-translate-button isShow\" style=\"background-image: url('chrome-extension:\/\/ibplnjkanclpjokhdolnendpplpjiace\/icons\/512.png'); height: 22px; width: 22px; top: 94px; left: 388px;\"><\/div>\n<div class=\"simple-translate-panel \" style=\"width: 300px; height: 200px; top: 0px; left: 0px; font-size: 13px;\">\n<div class=\"simple-translate-result-wrapper\" style=\"overflow: hidden;\">\n<div class=\"simple-translate-move\" draggable=\"true\"><\/div>\n<div class=\"simple-translate-result-contents\">\n<p class=\"simple-translate-candidate\" dir=\"auto\">\n<\/div>\n<\/div>\n<\/div>\n<\/div>\n<\/div>\n","protected":false},"excerpt":{"rendered":"<p>6 botes de cristal de 520 g por caja.<\/p>\n","protected":false},"featured_media":0,"comment_status":"open","ping_status":"closed","template":"","meta":[],"product_brand":[],"product_cat":[27,16],"product_tag":[],"class_list":{"0":"post-388","1":"product","2":"type-product","3":"status-publish","5":"product_cat-salsas-y-cremas-italianas","6":"product_cat-specialita","8":"first","9":"instock","10":"shipping-taxable","11":"product-type-simple"},"_links":{"self":[{"href":"https:\/\/new.star-gourmet.com\/index.php?rest_route=\/wp\/v2\/product\/388","targetHints":{"allow":["GET"]}}],"collection":[{"href":"https:\/\/new.star-gourmet.com\/index.php?rest_route=\/wp\/v2\/product"}],"about":[{"href":"https:\/\/new.star-gourmet.com\/index.php?rest_route=\/wp\/v2\/types\/product"}],"replies":[{"embeddable":true,"href":"https:\/\/new.star-gourmet.com\/index.php?rest_route=%2Fwp%2Fv2%2Fcomments&post=388"}],"wp:attachment":[{"href":"https:\/\/new.star-gourmet.com\/index.php?rest_route=%2Fwp%2Fv2%2Fmedia&parent=388"}],"wp:term":[{"taxonomy":"product_brand","embeddable":true,"href":"https:\/\/new.star-gourmet.com\/index.php?rest_route=%2Fwp%2Fv2%2Fproduct_brand&post=388"},{"taxonomy":"product_cat","embeddable":true,"href":"https:\/\/new.star-gourmet.com\/index.php?rest_route=%2Fwp%2Fv2%2Fproduct_cat&post=388"},{"taxonomy":"product_tag","embeddable":true,"href":"https:\/\/new.star-gourmet.com\/index.php?rest_route=%2Fwp%2Fv2%2Fproduct_tag&post=388"}],"curies":[{"name":"wp","href":"https:\/\/api.w.org\/{rel}","templated":true}]}}