{"id":387,"date":"2026-03-26T13:03:28","date_gmt":"2026-03-26T12:03:28","guid":{"rendered":"https:\/\/new.star-gourmet.com\/?post_type=product&#038;p=387"},"modified":"2026-03-26T13:03:31","modified_gmt":"2026-03-26T12:03:31","slug":"salsa-pesto-rosso-mediterraneo","status":"publish","type":"product","link":"https:\/\/new.star-gourmet.com\/?product=salsa-pesto-rosso-mediterraneo","title":{"rendered":"SALSA PESTO ROSSO MEDITERR\u00c1NEO"},"content":{"rendered":"<p>El pesto mediterr\u00e1neo es elaborado siguiendo una receta t\u00edpica siciliana que destaca sabores simples pero intensos, manteniendo la proporci\u00f3n de los ingredientes para asegurar autenticidad y fragancia. Esta crema, representativa de la dieta mediterr\u00e1nea une versatilidad con rendimiento. Gracias a sus ingredientes, esta crema se adapta a una amplia variedad de platos, desde bruschettas hasta platos elaborados que buscan un toque distintivo. Producto listo para usar, disponible durante todo el a\u00f1o. El envase de vidrio es pr\u00e1ctico y evita el desperdicio. Ideal para untar en tostadas, pizzas, panes, etc. Excelente para rellenos de s\u00e1ndwiches, boller\u00eda y platos gastron\u00f3micos. Tambi\u00e9n se puede a\u00f1adir a salsas para realzar platos de pasta o pescado.<\/p>\n<div id=\"simple-translate\" class=\"simple-translate-system-theme\">\n<div>\n<div class=\"simple-translate-button isShow\" style=\"background-image: url('chrome-extension:\/\/ibplnjkanclpjokhdolnendpplpjiace\/icons\/512.png'); height: 22px; width: 22px; top: 98px; left: 502px;\"><\/div>\n<div class=\"simple-translate-panel \" style=\"width: 300px; height: 200px; top: 0px; left: 0px; font-size: 13px;\">\n<div class=\"simple-translate-result-wrapper\" style=\"overflow: hidden;\">\n<div class=\"simple-translate-move\" draggable=\"true\"><\/div>\n<div class=\"simple-translate-result-contents\">\n<p class=\"simple-translate-result\" dir=\"auto\">\n<p class=\"simple-translate-candidate\" dir=\"auto\">\n<\/div>\n<\/div>\n<\/div>\n<\/div>\n<\/div>\n","protected":false},"excerpt":{"rendered":"<p>6 botes de cristal de 520 g por caja.<\/p>\n","protected":false},"featured_media":0,"comment_status":"open","ping_status":"closed","template":"","meta":[],"product_brand":[],"product_cat":[27,16],"product_tag":[],"class_list":{"0":"post-387","1":"product","2":"type-product","3":"status-publish","5":"product_cat-salsas-y-cremas-italianas","6":"product_cat-specialita","8":"first","9":"instock","10":"shipping-taxable","11":"product-type-simple"},"_links":{"self":[{"href":"https:\/\/new.star-gourmet.com\/index.php?rest_route=\/wp\/v2\/product\/387","targetHints":{"allow":["GET"]}}],"collection":[{"href":"https:\/\/new.star-gourmet.com\/index.php?rest_route=\/wp\/v2\/product"}],"about":[{"href":"https:\/\/new.star-gourmet.com\/index.php?rest_route=\/wp\/v2\/types\/product"}],"replies":[{"embeddable":true,"href":"https:\/\/new.star-gourmet.com\/index.php?rest_route=%2Fwp%2Fv2%2Fcomments&post=387"}],"wp:attachment":[{"href":"https:\/\/new.star-gourmet.com\/index.php?rest_route=%2Fwp%2Fv2%2Fmedia&parent=387"}],"wp:term":[{"taxonomy":"product_brand","embeddable":true,"href":"https:\/\/new.star-gourmet.com\/index.php?rest_route=%2Fwp%2Fv2%2Fproduct_brand&post=387"},{"taxonomy":"product_cat","embeddable":true,"href":"https:\/\/new.star-gourmet.com\/index.php?rest_route=%2Fwp%2Fv2%2Fproduct_cat&post=387"},{"taxonomy":"product_tag","embeddable":true,"href":"https:\/\/new.star-gourmet.com\/index.php?rest_route=%2Fwp%2Fv2%2Fproduct_tag&post=387"}],"curies":[{"name":"wp","href":"https:\/\/api.w.org\/{rel}","templated":true}]}}