{"id":383,"date":"2026-03-26T13:03:28","date_gmt":"2026-03-26T12:03:28","guid":{"rendered":"https:\/\/new.star-gourmet.com\/?post_type=product&#038;p=383"},"modified":"2026-03-26T13:03:30","modified_gmt":"2026-03-26T12:03:30","slug":"aceite-de-trufa-negra","status":"publish","type":"product","link":"https:\/\/new.star-gourmet.com\/?product=aceite-de-trufa-negra","title":{"rendered":"ACEITE DE TRUFA NEGRA"},"content":{"rendered":"<p>Este aceite extra virgen de oliva arom\u00e1tico de trufa negra combina la exquisitez del aceite de oliva con el aroma intenso de la trufa negra. Perfecto para realzar el sabor de platos gourmet, aporta una nota distintiva a ensaladas, pastas, carnes y m\u00e1s. Su calidad excepcional y aroma \u00fanico lo convierten en un condimento imprescindible para los amantes de la gastronom\u00eda. Ideal para dar un toque elegante a tus creaciones culinarias.<\/p>\n<div id=\"simple-translate\" class=\"simple-translate-system-theme\">\n<div>\n<div class=\"simple-translate-button isShow\" style=\"background-image: url('chrome-extension:\/\/ibplnjkanclpjokhdolnendpplpjiace\/icons\/512.png'); height: 22px; width: 22px; top: 51px; left: 8px;\"><\/div>\n<div class=\"simple-translate-panel \" style=\"width: 300px; height: 200px; top: 0px; left: 0px; font-size: 13px;\">\n<div class=\"simple-translate-result-wrapper\" style=\"overflow: hidden;\">\n<div class=\"simple-translate-move\" draggable=\"true\"><\/div>\n<div class=\"simple-translate-result-contents\">\n<p class=\"simple-translate-candidate\" dir=\"auto\">\n<\/div>\n<\/div>\n<\/div>\n<\/div>\n<\/div>\n","protected":false},"excerpt":{"rendered":"<p>12 botellas de 250 ml por caja.<\/p>\n","protected":false},"featured_media":0,"comment_status":"open","ping_status":"closed","template":"","meta":[],"product_brand":[],"product_cat":[26,16,25],"product_tag":[],"class_list":{"0":"post-383","1":"product","2":"type-product","3":"status-publish","5":"product_cat-aceites","6":"product_cat-specialita","7":"product_cat-trufa","9":"first","10":"instock","11":"shipping-taxable","12":"product-type-simple"},"_links":{"self":[{"href":"https:\/\/new.star-gourmet.com\/index.php?rest_route=\/wp\/v2\/product\/383","targetHints":{"allow":["GET"]}}],"collection":[{"href":"https:\/\/new.star-gourmet.com\/index.php?rest_route=\/wp\/v2\/product"}],"about":[{"href":"https:\/\/new.star-gourmet.com\/index.php?rest_route=\/wp\/v2\/types\/product"}],"replies":[{"embeddable":true,"href":"https:\/\/new.star-gourmet.com\/index.php?rest_route=%2Fwp%2Fv2%2Fcomments&post=383"}],"wp:attachment":[{"href":"https:\/\/new.star-gourmet.com\/index.php?rest_route=%2Fwp%2Fv2%2Fmedia&parent=383"}],"wp:term":[{"taxonomy":"product_brand","embeddable":true,"href":"https:\/\/new.star-gourmet.com\/index.php?rest_route=%2Fwp%2Fv2%2Fproduct_brand&post=383"},{"taxonomy":"product_cat","embeddable":true,"href":"https:\/\/new.star-gourmet.com\/index.php?rest_route=%2Fwp%2Fv2%2Fproduct_cat&post=383"},{"taxonomy":"product_tag","embeddable":true,"href":"https:\/\/new.star-gourmet.com\/index.php?rest_route=%2Fwp%2Fv2%2Fproduct_tag&post=383"}],"curies":[{"name":"wp","href":"https:\/\/api.w.org\/{rel}","templated":true}]}}