{"id":381,"date":"2026-03-26T13:03:28","date_gmt":"2026-03-26T12:03:28","guid":{"rendered":"https:\/\/new.star-gourmet.com\/?post_type=product&#038;p=381"},"modified":"2026-03-26T13:03:30","modified_gmt":"2026-03-26T12:03:30","slug":"grancrema-tartufata-bianca","status":"publish","type":"product","link":"https:\/\/new.star-gourmet.com\/?product=grancrema-tartufata-bianca","title":{"rendered":"GRANCREMA TARTUFATA BIANCA"},"content":{"rendered":"<p>La crema de trufa blanca est\u00e1 compuesta en gran parte por champi\u00f1ones frescos, finamente triturados y enriquecidos con trufa blanca. Es un condimento t\u00edpico que puede ser utilizado en cualquier contexto culinario, pero con el valor a\u00f1adido de la trufa blanca que aporta un toque adicional de sabor y aroma, realzando cada tipo de plato. Producto listo para usar. Disponible durante todo el a\u00f1o. Si se diluye con nata, esta Grancrema se convierte en un condimento rico para pasta fresca, gnocchis y risottos. Excelente para rellenar pizzas, bruschettas y s\u00e1ndwiches muy especiales. Preparado con ricotta, huevos y panceta cortada en cubos como relleno para crepes, cannelloni y raviolis. \u00c9xito garantizado en huevos escalfados.<\/p>\n","protected":false},"excerpt":{"rendered":"<p>6 botes de cristal de 520 g por caja.<\/p>\n","protected":false},"featured_media":0,"comment_status":"open","ping_status":"closed","template":"","meta":[],"product_brand":[],"product_cat":[16,25],"product_tag":[],"class_list":{"0":"post-381","1":"product","2":"type-product","3":"status-publish","5":"product_cat-specialita","6":"product_cat-trufa","8":"first","9":"instock","10":"shipping-taxable","11":"product-type-simple"},"_links":{"self":[{"href":"https:\/\/new.star-gourmet.com\/index.php?rest_route=\/wp\/v2\/product\/381","targetHints":{"allow":["GET"]}}],"collection":[{"href":"https:\/\/new.star-gourmet.com\/index.php?rest_route=\/wp\/v2\/product"}],"about":[{"href":"https:\/\/new.star-gourmet.com\/index.php?rest_route=\/wp\/v2\/types\/product"}],"replies":[{"embeddable":true,"href":"https:\/\/new.star-gourmet.com\/index.php?rest_route=%2Fwp%2Fv2%2Fcomments&post=381"}],"wp:attachment":[{"href":"https:\/\/new.star-gourmet.com\/index.php?rest_route=%2Fwp%2Fv2%2Fmedia&parent=381"}],"wp:term":[{"taxonomy":"product_brand","embeddable":true,"href":"https:\/\/new.star-gourmet.com\/index.php?rest_route=%2Fwp%2Fv2%2Fproduct_brand&post=381"},{"taxonomy":"product_cat","embeddable":true,"href":"https:\/\/new.star-gourmet.com\/index.php?rest_route=%2Fwp%2Fv2%2Fproduct_cat&post=381"},{"taxonomy":"product_tag","embeddable":true,"href":"https:\/\/new.star-gourmet.com\/index.php?rest_route=%2Fwp%2Fv2%2Fproduct_tag&post=381"}],"curies":[{"name":"wp","href":"https:\/\/api.w.org\/{rel}","templated":true}]}}