{"id":378,"date":"2026-03-26T13:03:28","date_gmt":"2026-03-26T12:03:28","guid":{"rendered":"https:\/\/new.star-gourmet.com\/?post_type=product&#038;p=378"},"modified":"2026-03-26T13:03:30","modified_gmt":"2026-03-26T12:03:30","slug":"grancrema-tartufata","status":"publish","type":"product","link":"https:\/\/new.star-gourmet.com\/?product=grancrema-tartufata","title":{"rendered":"GRANCREMA TARTUFATA"},"content":{"rendered":"<p>La crema tartufata est\u00e1 compuesta en gran parte por champi\u00f1ones cultivados, finamente triturados y enriquecidos con trozos de trufa negra. En este caso, se presenta una receta t\u00edpica del centro de Italia. Este producto tambi\u00e9n puede ser utilizado en cualquier contexto culinario, pero con el valor a\u00f1adido de la trufa que aporta un toque extra de sabor y aroma, realzando cualquier tipo de plato. Producto listo para usar. Disponible durante todo el a\u00f1o. Usado principalmente en rebanadas de pan tostado, si se diluye con crema, esta Grancrema se convierte en un condimento rico para pasta fresca, gnocchis y risottos. Excelente para rellenar pizzas, bruschettas y s\u00e1ndwiches muy especiales. Preparado con ricotta, huevos y panceta cortada en cubos como relleno para crepes, cannelloni y raviolis. Vale la pena probarlo con \u00e9xito garantizado en huevos escalfados, focaccias calientes y pizzas blancas.<\/p>\n<div id=\"simple-translate\" class=\"simple-translate-system-theme\">\n<div>\n<div class=\"simple-translate-button isShow\" style=\"background-image: url('chrome-extension:\/\/ibplnjkanclpjokhdolnendpplpjiace\/icons\/512.png'); height: 22px; width: 22px; top: 97px; left: 974px;\"><\/div>\n<div class=\"simple-translate-panel \" style=\"width: 300px; height: 200px; top: 0px; left: 0px; font-size: 13px;\">\n<div class=\"simple-translate-result-wrapper\" style=\"overflow: hidden;\">\n<div class=\"simple-translate-move\" draggable=\"true\"><\/div>\n<div class=\"simple-translate-result-contents\">\n<p class=\"simple-translate-candidate\" dir=\"auto\">\n<\/div>\n<\/div>\n<\/div>\n<\/div>\n<\/div>\n","protected":false},"excerpt":{"rendered":"<p>6 botes de cristal de 520 g por caja.<\/p>\n","protected":false},"featured_media":0,"comment_status":"open","ping_status":"closed","template":"","meta":[],"product_brand":[],"product_cat":[16,25],"product_tag":[],"class_list":{"0":"post-378","1":"product","2":"type-product","3":"status-publish","5":"product_cat-specialita","6":"product_cat-trufa","8":"first","9":"instock","10":"featured","11":"shipping-taxable","12":"product-type-simple"},"_links":{"self":[{"href":"https:\/\/new.star-gourmet.com\/index.php?rest_route=\/wp\/v2\/product\/378","targetHints":{"allow":["GET"]}}],"collection":[{"href":"https:\/\/new.star-gourmet.com\/index.php?rest_route=\/wp\/v2\/product"}],"about":[{"href":"https:\/\/new.star-gourmet.com\/index.php?rest_route=\/wp\/v2\/types\/product"}],"replies":[{"embeddable":true,"href":"https:\/\/new.star-gourmet.com\/index.php?rest_route=%2Fwp%2Fv2%2Fcomments&post=378"}],"wp:attachment":[{"href":"https:\/\/new.star-gourmet.com\/index.php?rest_route=%2Fwp%2Fv2%2Fmedia&parent=378"}],"wp:term":[{"taxonomy":"product_brand","embeddable":true,"href":"https:\/\/new.star-gourmet.com\/index.php?rest_route=%2Fwp%2Fv2%2Fproduct_brand&post=378"},{"taxonomy":"product_cat","embeddable":true,"href":"https:\/\/new.star-gourmet.com\/index.php?rest_route=%2Fwp%2Fv2%2Fproduct_cat&post=378"},{"taxonomy":"product_tag","embeddable":true,"href":"https:\/\/new.star-gourmet.com\/index.php?rest_route=%2Fwp%2Fv2%2Fproduct_tag&post=378"}],"curies":[{"name":"wp","href":"https:\/\/api.w.org\/{rel}","templated":true}]}}