{"id":377,"date":"2026-03-26T13:03:28","date_gmt":"2026-03-26T12:03:28","guid":{"rendered":"https:\/\/new.star-gourmet.com\/?post_type=product&#038;p=377"},"modified":"2026-03-26T13:03:30","modified_gmt":"2026-03-26T12:03:30","slug":"grancrema-di-funghi-porcini","status":"publish","type":"product","link":"https:\/\/new.star-gourmet.com\/?product=grancrema-di-funghi-porcini","title":{"rendered":"GRANCREMA DI FUNGHI PORCINI"},"content":{"rendered":"<p>Crema elaborada con boletus \"ceps\" parte triturados (60%) y parte cortados en trozos (40%). La receta es simple y genuina, sazonada de manera \u00f3ptima con aromas frescos y especias para darle un sabor rico e intenso, que proviene tambi\u00e9n de un buen porcentaje de hongos porcini secos. Producto listo para usar. Disponible durante todo el a\u00f1o. Pr\u00e1ctico envase con apertura f\u00e1cil. Base perfecta para preparar excelentes sopas de hongos, como condimento sobresaliente para platos principales (risottos, gnocchis y pasta), excelente relleno para s\u00e1ndwiches, para preparar rellenos, souffl\u00e9s y mucho m\u00e1s que la imaginaci\u00f3n sugiere.<\/p>\n","protected":false},"excerpt":{"rendered":"<p>6 latas de 1 kg por caja.<\/p>\n","protected":false},"featured_media":0,"comment_status":"open","ping_status":"closed","template":"","meta":[],"product_brand":[],"product_cat":[24,16],"product_tag":[],"class_list":{"0":"post-377","1":"product","2":"type-product","3":"status-publish","5":"product_cat-setas","6":"product_cat-specialita","8":"first","9":"instock","10":"shipping-taxable","11":"product-type-simple"},"_links":{"self":[{"href":"https:\/\/new.star-gourmet.com\/index.php?rest_route=\/wp\/v2\/product\/377","targetHints":{"allow":["GET"]}}],"collection":[{"href":"https:\/\/new.star-gourmet.com\/index.php?rest_route=\/wp\/v2\/product"}],"about":[{"href":"https:\/\/new.star-gourmet.com\/index.php?rest_route=\/wp\/v2\/types\/product"}],"replies":[{"embeddable":true,"href":"https:\/\/new.star-gourmet.com\/index.php?rest_route=%2Fwp%2Fv2%2Fcomments&post=377"}],"wp:attachment":[{"href":"https:\/\/new.star-gourmet.com\/index.php?rest_route=%2Fwp%2Fv2%2Fmedia&parent=377"}],"wp:term":[{"taxonomy":"product_brand","embeddable":true,"href":"https:\/\/new.star-gourmet.com\/index.php?rest_route=%2Fwp%2Fv2%2Fproduct_brand&post=377"},{"taxonomy":"product_cat","embeddable":true,"href":"https:\/\/new.star-gourmet.com\/index.php?rest_route=%2Fwp%2Fv2%2Fproduct_cat&post=377"},{"taxonomy":"product_tag","embeddable":true,"href":"https:\/\/new.star-gourmet.com\/index.php?rest_route=%2Fwp%2Fv2%2Fproduct_tag&post=377"}],"curies":[{"name":"wp","href":"https:\/\/api.w.org\/{rel}","templated":true}]}}