{"id":374,"date":"2026-03-26T13:03:28","date_gmt":"2026-03-26T12:03:28","guid":{"rendered":"https:\/\/new.star-gourmet.com\/?post_type=product&#038;p=374"},"modified":"2026-03-26T13:03:29","modified_gmt":"2026-03-26T12:03:29","slug":"funghi-famigliola-gialli-trifolati","status":"publish","type":"product","link":"https:\/\/new.star-gourmet.com\/?product=funghi-famigliola-gialli-trifolati","title":{"rendered":"FUNGHI FAMIGLIOLA GIALLI TRIFOLATI"},"content":{"rendered":"<p>El funghi Famigliola Gialli trifolati est\u00e1 compuesto por setas de San Jorge o Perrochico. Una vez seleccionado el tama\u00f1o, las setas se someten a un cuidadoso lavado. El salteado en blanco permite una elaboraci\u00f3n sencilla y genuina que confiere a la seta un sabor delicado y agradable. Las setas de San Jorge son extremadamente vers\u00e1tiles y sabrosas. Producto disponible todo el a\u00f1o. Lata de apertura f\u00e1cil. Este producto extremadamente vers\u00e1til se puede usar para aperitivos calientes, guarniciones, pizzas y como relleno para bocadillos y pizzas. Si se mezcla con salchicha desmenuzada o panceta finamente cortada, se convierte en la base ideal para platos de pasta y arroces r\u00fasticos.<\/p>\n","protected":false},"excerpt":{"rendered":"<p>6 latas de 1 kg por caja.<\/p>\n","protected":false},"featured_media":0,"comment_status":"open","ping_status":"closed","template":"","meta":[],"product_brand":[],"product_cat":[24,16],"product_tag":[],"class_list":{"0":"post-374","1":"product","2":"type-product","3":"status-publish","5":"product_cat-setas","6":"product_cat-specialita","8":"first","9":"instock","10":"shipping-taxable","11":"product-type-simple"},"_links":{"self":[{"href":"https:\/\/new.star-gourmet.com\/index.php?rest_route=\/wp\/v2\/product\/374","targetHints":{"allow":["GET"]}}],"collection":[{"href":"https:\/\/new.star-gourmet.com\/index.php?rest_route=\/wp\/v2\/product"}],"about":[{"href":"https:\/\/new.star-gourmet.com\/index.php?rest_route=\/wp\/v2\/types\/product"}],"replies":[{"embeddable":true,"href":"https:\/\/new.star-gourmet.com\/index.php?rest_route=%2Fwp%2Fv2%2Fcomments&post=374"}],"wp:attachment":[{"href":"https:\/\/new.star-gourmet.com\/index.php?rest_route=%2Fwp%2Fv2%2Fmedia&parent=374"}],"wp:term":[{"taxonomy":"product_brand","embeddable":true,"href":"https:\/\/new.star-gourmet.com\/index.php?rest_route=%2Fwp%2Fv2%2Fproduct_brand&post=374"},{"taxonomy":"product_cat","embeddable":true,"href":"https:\/\/new.star-gourmet.com\/index.php?rest_route=%2Fwp%2Fv2%2Fproduct_cat&post=374"},{"taxonomy":"product_tag","embeddable":true,"href":"https:\/\/new.star-gourmet.com\/index.php?rest_route=%2Fwp%2Fv2%2Fproduct_tag&post=374"}],"curies":[{"name":"wp","href":"https:\/\/api.w.org\/{rel}","templated":true}]}}