{"id":372,"date":"2026-03-26T13:03:27","date_gmt":"2026-03-26T12:03:27","guid":{"rendered":"https:\/\/new.star-gourmet.com\/?post_type=product&#038;p=372"},"modified":"2026-03-26T13:03:29","modified_gmt":"2026-03-26T12:03:29","slug":"funghi-misti-trifolati-tre-cime","status":"publish","type":"product","link":"https:\/\/new.star-gourmet.com\/?product=funghi-misti-trifolati-tre-cime","title":{"rendered":"FUNGHI MISTI TRIFOLATI \"TRE CIME\""},"content":{"rendered":"<p>El Funghi Misti Trifolati \"Tre Cime\" est\u00e1 compuesto por una cuidadosa selecci\u00f3n de setas de Europa y Asia, las cuales son rigurosamente seleccionadas, mezcladas y salteadas. Esta mezcla vers\u00e1til contiene siete tipos de setas, lista para cualquier ocasi\u00f3n y llena de sabor y aroma. La relaci\u00f3n calidad-precio es muy favorable y la calidad y variedad de las setas aseguran resultados m\u00e1s que positivos. Ideal para diversificar recetas y crear men\u00fas basados en calidad y facilidad de uso inmediato. Producto disponible todo el a\u00f1o. Lata de 1 kg con apertura f\u00e1cil. Ideal para\u00a0 pasta y acompa\u00f1amiento de platos principales. Tambi\u00e9n como relleno para tartas saladas o ingrediente para pizzas, bocadillos y bruschettas. Es genial para servir con patatas hervidas, salteadas en la sart\u00e9n como guarnici\u00f3n econ\u00f3mica o plato principal, para agregar a un rag\u00fa de carne o al simple tomate o acompa\u00f1ar escalopines.<\/p>\n<div id=\"simple-translate\" class=\"simple-translate-system-theme\">\n<div>\n<div class=\"simple-translate-button isShow\" style=\"background-image: url('chrome-extension:\/\/ibplnjkanclpjokhdolnendpplpjiace\/icons\/512.png'); height: 22px; width: 22px; top: 55px; left: -97px;\"><\/div>\n<div class=\"simple-translate-panel \" style=\"width: 300px; height: 200px; top: 0px; left: 0px; font-size: 13px;\">\n<div class=\"simple-translate-result-wrapper\" style=\"overflow: hidden;\">\n<div class=\"simple-translate-move\" draggable=\"true\"><\/div>\n<div class=\"simple-translate-result-contents\">\n<p class=\"simple-translate-result\" dir=\"auto\">\n<p class=\"simple-translate-candidate\" dir=\"auto\">\n<\/div>\n<\/div>\n<\/div>\n<\/div>\n<\/div>\n","protected":false},"excerpt":{"rendered":"<p>6 latas de 1 kg por caja.<\/p>\n","protected":false},"featured_media":0,"comment_status":"open","ping_status":"closed","template":"","meta":[],"product_brand":[],"product_cat":[24,16],"product_tag":[],"class_list":{"0":"post-372","1":"product","2":"type-product","3":"status-publish","5":"product_cat-setas","6":"product_cat-specialita","8":"first","9":"instock","10":"shipping-taxable","11":"product-type-simple"},"_links":{"self":[{"href":"https:\/\/new.star-gourmet.com\/index.php?rest_route=\/wp\/v2\/product\/372","targetHints":{"allow":["GET"]}}],"collection":[{"href":"https:\/\/new.star-gourmet.com\/index.php?rest_route=\/wp\/v2\/product"}],"about":[{"href":"https:\/\/new.star-gourmet.com\/index.php?rest_route=\/wp\/v2\/types\/product"}],"replies":[{"embeddable":true,"href":"https:\/\/new.star-gourmet.com\/index.php?rest_route=%2Fwp%2Fv2%2Fcomments&post=372"}],"wp:attachment":[{"href":"https:\/\/new.star-gourmet.com\/index.php?rest_route=%2Fwp%2Fv2%2Fmedia&parent=372"}],"wp:term":[{"taxonomy":"product_brand","embeddable":true,"href":"https:\/\/new.star-gourmet.com\/index.php?rest_route=%2Fwp%2Fv2%2Fproduct_brand&post=372"},{"taxonomy":"product_cat","embeddable":true,"href":"https:\/\/new.star-gourmet.com\/index.php?rest_route=%2Fwp%2Fv2%2Fproduct_cat&post=372"},{"taxonomy":"product_tag","embeddable":true,"href":"https:\/\/new.star-gourmet.com\/index.php?rest_route=%2Fwp%2Fv2%2Fproduct_tag&post=372"}],"curies":[{"name":"wp","href":"https:\/\/api.w.org\/{rel}","templated":true}]}}