{"id":367,"date":"2026-03-26T13:03:23","date_gmt":"2026-03-26T12:03:23","guid":{"rendered":"https:\/\/new.star-gourmet.com\/?post_type=product&#038;p=367"},"modified":"2026-03-26T13:03:26","modified_gmt":"2026-03-26T12:03:26","slug":"peperoncini-formaggio","status":"publish","type":"product","link":"https:\/\/new.star-gourmet.com\/?product=peperoncini-formaggio","title":{"rendered":"PEPERONCINI FORMAGGIO"},"content":{"rendered":"<p>Pimientos rellenos de queso en aceite. Pimientos cherry, de aproximadamente 3 cm de di\u00e1metro, desprovistos de semillas y ligeramente escaldados para mayor digestibilidad; luego se rellenan con un queso de pasta suave y tierna, cuyo sabor dulce y delicado combina perfectamente con el toque picante de los pimientos. Estos son rellenados manualmente, uno a uno, al igual que la disposici\u00f3n del producto en la lata. Su sabor apetitoso y estimulante lo hace ideal para aperitivos y bebidas, siendo excelente para realzar buffets y bandejas de entrantes. Son esenciales en ocasiones formales, banquetes y cenas de negocios para a\u00f1adir un toque de sofisticaci\u00f3n. La lata se destaca por su practicidad y versatilidad, con una apertura f\u00e1cil y c\u00f3moda. Son perfectos para servir como aperitivos sabrosos, guarniciones para platos de pasta con tomate y albahaca fresca, o para acompa\u00f1ar carpaccios de carne o platos con quesos a\u00f1ejos.<\/p>\n<p>35\/40 unidades por lata.<\/p>\n","protected":false},"excerpt":{"rendered":"<p>6 latas de 1 kg por caja.<\/p>\n","protected":false},"featured_media":0,"comment_status":"open","ping_status":"closed","template":"","meta":[],"product_brand":[],"product_cat":[17,21,16],"product_tag":[],"class_list":{"0":"post-367","1":"product","2":"type-product","3":"status-publish","5":"product_cat-antipasti","6":"product_cat-pimientos","7":"product_cat-specialita","9":"first","10":"instock","11":"shipping-taxable","12":"product-type-simple"},"_links":{"self":[{"href":"https:\/\/new.star-gourmet.com\/index.php?rest_route=\/wp\/v2\/product\/367","targetHints":{"allow":["GET"]}}],"collection":[{"href":"https:\/\/new.star-gourmet.com\/index.php?rest_route=\/wp\/v2\/product"}],"about":[{"href":"https:\/\/new.star-gourmet.com\/index.php?rest_route=\/wp\/v2\/types\/product"}],"replies":[{"embeddable":true,"href":"https:\/\/new.star-gourmet.com\/index.php?rest_route=%2Fwp%2Fv2%2Fcomments&post=367"}],"wp:attachment":[{"href":"https:\/\/new.star-gourmet.com\/index.php?rest_route=%2Fwp%2Fv2%2Fmedia&parent=367"}],"wp:term":[{"taxonomy":"product_brand","embeddable":true,"href":"https:\/\/new.star-gourmet.com\/index.php?rest_route=%2Fwp%2Fv2%2Fproduct_brand&post=367"},{"taxonomy":"product_cat","embeddable":true,"href":"https:\/\/new.star-gourmet.com\/index.php?rest_route=%2Fwp%2Fv2%2Fproduct_cat&post=367"},{"taxonomy":"product_tag","embeddable":true,"href":"https:\/\/new.star-gourmet.com\/index.php?rest_route=%2Fwp%2Fv2%2Fproduct_tag&post=367"}],"curies":[{"name":"wp","href":"https:\/\/api.w.org\/{rel}","templated":true}]}}