{"id":366,"date":"2026-03-26T13:03:23","date_gmt":"2026-03-26T12:03:23","guid":{"rendered":"https:\/\/new.star-gourmet.com\/?post_type=product&#038;p=366"},"modified":"2026-03-26T13:03:26","modified_gmt":"2026-03-26T12:03:26","slug":"peperoncini-pate-di-tonno","status":"publish","type":"product","link":"https:\/\/new.star-gourmet.com\/?product=peperoncini-pate-di-tonno","title":{"rendered":"PEPERONCINI PATE DI TONNO"},"content":{"rendered":"<p>Pimientos rellenos de pat\u00e9 de at\u00fan en aceite.\u00a0El producto consiste en pimientos ligeramente picantes, desprovistos de semillas y escaldados para mayor digestibilidad, luego rellenos con pat\u00e9 de at\u00fan. El pat\u00e9 se prepara con el mejor at\u00fan seleccionado, al que se le a\u00f1aden anchoas, alcaparras, especias y aromas frescos. El relleno se realiza manualmente uno a uno, al igual que la disposici\u00f3n del producto en la lata que contiene de 40 a 45 unidades. Su sabor muy apetitoso y estimulante lo hace ideal para aperitivos y bebidas, siendo excelente para realzar buffets y bandejas de entrantes. Son esenciales en ocasiones especiales, banquetes y cenas de negocios para a\u00f1adir un toque de sofisticaci\u00f3n. La lata se destaca por su practicidad y versatilidad, con su apertura f\u00e1cil y una excelente relaci\u00f3n calidad-precio. Son perfectos para servir como aperitivos sabrosos, guarniciones para platos de pasta con tomate y albahaca fresca, o para acompa\u00f1ar carpaccios de carne o pescado.<\/p>\n<p>40\/45 unidades por lata.<\/p>\n","protected":false},"excerpt":{"rendered":"<p>6 latas de 1 kg por caja.<\/p>\n","protected":false},"featured_media":0,"comment_status":"open","ping_status":"closed","template":"","meta":[],"product_brand":[],"product_cat":[17,21,16],"product_tag":[],"class_list":{"0":"post-366","1":"product","2":"type-product","3":"status-publish","5":"product_cat-antipasti","6":"product_cat-pimientos","7":"product_cat-specialita","9":"first","10":"instock","11":"shipping-taxable","12":"product-type-simple"},"_links":{"self":[{"href":"https:\/\/new.star-gourmet.com\/index.php?rest_route=\/wp\/v2\/product\/366","targetHints":{"allow":["GET"]}}],"collection":[{"href":"https:\/\/new.star-gourmet.com\/index.php?rest_route=\/wp\/v2\/product"}],"about":[{"href":"https:\/\/new.star-gourmet.com\/index.php?rest_route=\/wp\/v2\/types\/product"}],"replies":[{"embeddable":true,"href":"https:\/\/new.star-gourmet.com\/index.php?rest_route=%2Fwp%2Fv2%2Fcomments&post=366"}],"wp:attachment":[{"href":"https:\/\/new.star-gourmet.com\/index.php?rest_route=%2Fwp%2Fv2%2Fmedia&parent=366"}],"wp:term":[{"taxonomy":"product_brand","embeddable":true,"href":"https:\/\/new.star-gourmet.com\/index.php?rest_route=%2Fwp%2Fv2%2Fproduct_brand&post=366"},{"taxonomy":"product_cat","embeddable":true,"href":"https:\/\/new.star-gourmet.com\/index.php?rest_route=%2Fwp%2Fv2%2Fproduct_cat&post=366"},{"taxonomy":"product_tag","embeddable":true,"href":"https:\/\/new.star-gourmet.com\/index.php?rest_route=%2Fwp%2Fv2%2Fproduct_tag&post=366"}],"curies":[{"name":"wp","href":"https:\/\/api.w.org\/{rel}","templated":true}]}}