{"id":365,"date":"2026-03-26T13:03:23","date_gmt":"2026-03-26T12:03:23","guid":{"rendered":"https:\/\/new.star-gourmet.com\/?post_type=product&#038;p=365"},"modified":"2026-03-26T13:03:26","modified_gmt":"2026-03-26T12:03:26","slug":"salsa-de-cebolla-caramelizada","status":"publish","type":"product","link":"https:\/\/new.star-gourmet.com\/?product=salsa-de-cebolla-caramelizada","title":{"rendered":"SALSA DE CEBOLLA CARAMELIZADA"},"content":{"rendered":"<p>Salsa de cebolla caramelizada<\/p>\n<p>La salsa de cebolla caramelizada se elabora con un 70% de cebollas frescas, trituradas que luego se caramelizan lentamente. Esto produce una salsa suave y aterciopelada con un sabor dulce e intenso. Es vers\u00e1til y se puede usar para rellenar paninis, pizzas, bruschettas, hamburguesas y m\u00e1s. Combina bien con carnes a la parrilla, salsichas, carnes hervidas y varios quesos. Se sugiere para platos gourmet, como acompa\u00f1amiento para foie gras o como topping de pizza. La pr\u00e1ctica presentaci\u00f3n en envase squeeze de 1\/1 facilita su uso en la cocina y en la mesa.<\/p>\n<div id=\"simple-translate\" class=\"simple-translate-system-theme\">\n<div>\n<div class=\"simple-translate-button isShow\" style=\"background-image: url('chrome-extension:\/\/ibplnjkanclpjokhdolnendpplpjiace\/icons\/512.png'); height: 22px; width: 22px; top: 86px; left: 1039px;\"><\/div>\n<div class=\"simple-translate-panel \" style=\"width: 300px; height: 200px; top: 0px; left: 0px; font-size: 13px;\">\n<div class=\"simple-translate-result-wrapper\" style=\"overflow: hidden;\">\n<div class=\"simple-translate-move\" draggable=\"true\"><\/div>\n<div class=\"simple-translate-result-contents\">\n<p class=\"simple-translate-candidate\" dir=\"auto\">\n<\/div>\n<\/div>\n<\/div>\n<\/div>\n<\/div>\n","protected":false},"excerpt":{"rendered":"<p>6 botes de 570 g por caja.<\/p>\n","protected":false},"featured_media":0,"comment_status":"open","ping_status":"closed","template":"","meta":[],"product_brand":[],"product_cat":[17,20,16],"product_tag":[],"class_list":{"0":"post-365","1":"product","2":"type-product","3":"status-publish","5":"product_cat-antipasti","6":"product_cat-cebollitas","7":"product_cat-specialita","9":"first","10":"instock","11":"featured","12":"shipping-taxable","13":"product-type-simple"},"_links":{"self":[{"href":"https:\/\/new.star-gourmet.com\/index.php?rest_route=\/wp\/v2\/product\/365","targetHints":{"allow":["GET"]}}],"collection":[{"href":"https:\/\/new.star-gourmet.com\/index.php?rest_route=\/wp\/v2\/product"}],"about":[{"href":"https:\/\/new.star-gourmet.com\/index.php?rest_route=\/wp\/v2\/types\/product"}],"replies":[{"embeddable":true,"href":"https:\/\/new.star-gourmet.com\/index.php?rest_route=%2Fwp%2Fv2%2Fcomments&post=365"}],"wp:attachment":[{"href":"https:\/\/new.star-gourmet.com\/index.php?rest_route=%2Fwp%2Fv2%2Fmedia&parent=365"}],"wp:term":[{"taxonomy":"product_brand","embeddable":true,"href":"https:\/\/new.star-gourmet.com\/index.php?rest_route=%2Fwp%2Fv2%2Fproduct_brand&post=365"},{"taxonomy":"product_cat","embeddable":true,"href":"https:\/\/new.star-gourmet.com\/index.php?rest_route=%2Fwp%2Fv2%2Fproduct_cat&post=365"},{"taxonomy":"product_tag","embeddable":true,"href":"https:\/\/new.star-gourmet.com\/index.php?rest_route=%2Fwp%2Fv2%2Fproduct_tag&post=365"}],"curies":[{"name":"wp","href":"https:\/\/api.w.org\/{rel}","templated":true}]}}