{"id":364,"date":"2026-03-26T13:03:23","date_gmt":"2026-03-26T12:03:23","guid":{"rendered":"https:\/\/new.star-gourmet.com\/?post_type=product&#038;p=364"},"modified":"2026-03-26T13:03:26","modified_gmt":"2026-03-26T12:03:26","slug":"cebolla-caramelizada","status":"publish","type":"product","link":"https:\/\/new.star-gourmet.com\/?product=cebolla-caramelizada","title":{"rendered":"CEBOLLA CARAMELIZADA"},"content":{"rendered":"<p>La cebolla caramelizada es un producto elaborado a partir de cebollas seleccionadas y cocinadas lentamente hasta alcanzar un estado de suavidad y dulzura caracter\u00edstico. Durante este proceso, se utiliza az\u00facar para realzar y potenciar el caramelo natural de las cebollas, creando un sabor \u00fanico y una textura suave. La cebolla caramelizada es vers\u00e1til y puede usarse de diversas formas en la cocina. Es un complemento delicioso para hamburguesas, s\u00e1ndwiches y bocadillos, y agrega un toque de dulzura a platos como quesadillas, pizzas y tortillas. Tambi\u00e9n puede utilizarse como guarnici\u00f3n para carnes, pescados y platos vegetarianos, o incluso como ingrediente para dar sabor a salsas y rellenos. La cebolla caramelizada Ginos aporta una nota sabrosa y dulce a tus creaciones culinarias.<\/p>\n<div id=\"simple-translate\" class=\"simple-translate-system-theme\">\n<div>\n<div class=\"simple-translate-button isShow\" style=\"background-image: url('chrome-extension:\/\/ibplnjkanclpjokhdolnendpplpjiace\/icons\/512.png'); height: 22px; width: 22px; top: 78px; left: 878px;\"><\/div>\n<div class=\"simple-translate-panel \" style=\"width: 300px; height: 200px; top: 0px; left: 0px; font-size: 13px;\">\n<div class=\"simple-translate-result-wrapper\" style=\"overflow: hidden;\">\n<div class=\"simple-translate-move\" draggable=\"true\"><\/div>\n<div class=\"simple-translate-result-contents\">\n<p class=\"simple-translate-candidate\" dir=\"auto\">\n<\/div>\n<\/div>\n<\/div>\n<\/div>\n<\/div>\n","protected":false},"excerpt":{"rendered":"<p>6 x 1 kg<\/p>\n","protected":false},"featured_media":0,"comment_status":"open","ping_status":"closed","template":"","meta":[],"product_brand":[],"product_cat":[17,20,16],"product_tag":[],"class_list":{"0":"post-364","1":"product","2":"type-product","3":"status-publish","5":"product_cat-antipasti","6":"product_cat-cebollitas","7":"product_cat-specialita","9":"first","10":"instock","11":"featured","12":"shipping-taxable","13":"product-type-simple"},"_links":{"self":[{"href":"https:\/\/new.star-gourmet.com\/index.php?rest_route=\/wp\/v2\/product\/364","targetHints":{"allow":["GET"]}}],"collection":[{"href":"https:\/\/new.star-gourmet.com\/index.php?rest_route=\/wp\/v2\/product"}],"about":[{"href":"https:\/\/new.star-gourmet.com\/index.php?rest_route=\/wp\/v2\/types\/product"}],"replies":[{"embeddable":true,"href":"https:\/\/new.star-gourmet.com\/index.php?rest_route=%2Fwp%2Fv2%2Fcomments&post=364"}],"wp:attachment":[{"href":"https:\/\/new.star-gourmet.com\/index.php?rest_route=%2Fwp%2Fv2%2Fmedia&parent=364"}],"wp:term":[{"taxonomy":"product_brand","embeddable":true,"href":"https:\/\/new.star-gourmet.com\/index.php?rest_route=%2Fwp%2Fv2%2Fproduct_brand&post=364"},{"taxonomy":"product_cat","embeddable":true,"href":"https:\/\/new.star-gourmet.com\/index.php?rest_route=%2Fwp%2Fv2%2Fproduct_cat&post=364"},{"taxonomy":"product_tag","embeddable":true,"href":"https:\/\/new.star-gourmet.com\/index.php?rest_route=%2Fwp%2Fv2%2Fproduct_tag&post=364"}],"curies":[{"name":"wp","href":"https:\/\/api.w.org\/{rel}","templated":true}]}}