{"id":358,"date":"2026-03-26T13:03:23","date_gmt":"2026-03-26T12:03:23","guid":{"rendered":"https:\/\/new.star-gourmet.com\/?post_type=product&#038;p=358"},"modified":"2026-03-26T13:03:25","modified_gmt":"2026-03-26T12:03:25","slug":"polpa-di-pomodoro-especial-pizza","status":"publish","type":"product","link":"https:\/\/new.star-gourmet.com\/?product=polpa-di-pomodoro-especial-pizza","title":{"rendered":"POLPA DI POMODORO Especial Pizza"},"content":{"rendered":"<p>Tomates de variedades redondas de alta consistencia y hermoso color rojo, frescos, maduros y sanos. La avanzada t\u00e9cnica de procesamiento permite eliminar la piel, las semillas y las partes despigmentadas, conservando solo lo mejor del tomate. Producido exclusivamente con tomates de Parma (ideales para este tipo de procesamiento debido a su carne, consistencia y compacidad), la pulpa de tomate se distingue por su color rojo intenso, logrado mediante la adici\u00f3n de un peque\u00f1o porcentaje de salsa, lo que produce un producto espeso, fresco y de alto rendimiento. De calidad impecable, pr\u00e1ctica y lista para usar en todo momento. Disponible todo el a\u00f1o. Se debe usar en cocina con cocciones cortas para no perder la frescura del producto, ya que gran parte del agua se ha eliminado durante el proceso, o en pizzer\u00eda para condimentar pizzas de calidad. Un ingrediente ideal para sopas de tomate.<\/p>\n","protected":false},"excerpt":{"rendered":"<p>3 latas de 5 kg por caja.<\/p>\n","protected":false},"featured_media":0,"comment_status":"open","ping_status":"closed","template":"","meta":[],"product_brand":[],"product_cat":[17,16,19],"product_tag":[],"class_list":{"0":"post-358","1":"product","2":"type-product","3":"status-publish","5":"product_cat-antipasti","6":"product_cat-specialita","7":"product_cat-tomates","9":"first","10":"instock","11":"shipping-taxable","12":"product-type-simple"},"_links":{"self":[{"href":"https:\/\/new.star-gourmet.com\/index.php?rest_route=\/wp\/v2\/product\/358","targetHints":{"allow":["GET"]}}],"collection":[{"href":"https:\/\/new.star-gourmet.com\/index.php?rest_route=\/wp\/v2\/product"}],"about":[{"href":"https:\/\/new.star-gourmet.com\/index.php?rest_route=\/wp\/v2\/types\/product"}],"replies":[{"embeddable":true,"href":"https:\/\/new.star-gourmet.com\/index.php?rest_route=%2Fwp%2Fv2%2Fcomments&post=358"}],"wp:attachment":[{"href":"https:\/\/new.star-gourmet.com\/index.php?rest_route=%2Fwp%2Fv2%2Fmedia&parent=358"}],"wp:term":[{"taxonomy":"product_brand","embeddable":true,"href":"https:\/\/new.star-gourmet.com\/index.php?rest_route=%2Fwp%2Fv2%2Fproduct_brand&post=358"},{"taxonomy":"product_cat","embeddable":true,"href":"https:\/\/new.star-gourmet.com\/index.php?rest_route=%2Fwp%2Fv2%2Fproduct_cat&post=358"},{"taxonomy":"product_tag","embeddable":true,"href":"https:\/\/new.star-gourmet.com\/index.php?rest_route=%2Fwp%2Fv2%2Fproduct_tag&post=358"}],"curies":[{"name":"wp","href":"https:\/\/api.w.org\/{rel}","templated":true}]}}