{"id":357,"date":"2026-03-26T13:03:23","date_gmt":"2026-03-26T12:03:23","guid":{"rendered":"https:\/\/new.star-gourmet.com\/?post_type=product&#038;p=357"},"modified":"2026-03-26T13:03:25","modified_gmt":"2026-03-26T12:03:25","slug":"pomodori-pelati-extra","status":"publish","type":"product","link":"https:\/\/new.star-gourmet.com\/?product=pomodori-pelati-extra","title":{"rendered":"POMODORI PELATI EXTRA"},"content":{"rendered":"<p>Tomates \"Roma\" y variedades h\u00edbridas, recolectados en plena madurez, tienen la particularidad de ser siempre rojos y con un alto contenido de az\u00facar. Seleccionados, escaldados, pelados y envasados con una salsa a base de pulpa fina y jugo de tomate. El resultado es un tomate pelado con sabor dulce, completo y con un rendimiento muy alto (aproximadamente un 30% m\u00e1s que los pelados tradicionales sin sal). Los tomates pelados son recolectados a mano, sin estr\u00e9s mec\u00e1nico, por lo que son adecuados para quienes desean un pelado de calidad excelente sin compromisos. La salsura del tomate pelado garantiza rendimientos muy altos tanto en cocina como en pizzer\u00eda. Adem\u00e1s, el residuo seco del tomate es del 7% en base al kg., y garantizamos 32\/34 tomates pera en cada lata, con un m\u00e1ximo de 4 cm cuadrados de piel por lata. Se pueden usar para cualquier receta que requiera tomate pelado, como salsas, rag\u00faes, pizzas, sopas cremosas, carne a la pizzaiola, pescado y mucho m\u00e1s.<\/p>\n","protected":false},"excerpt":{"rendered":"<p>6 latas de 3 kg por caja.<\/p>\n","protected":false},"featured_media":0,"comment_status":"open","ping_status":"closed","template":"","meta":[],"product_brand":[],"product_cat":[17,16,19],"product_tag":[],"class_list":{"0":"post-357","1":"product","2":"type-product","3":"status-publish","5":"product_cat-antipasti","6":"product_cat-specialita","7":"product_cat-tomates","9":"first","10":"instock","11":"shipping-taxable","12":"product-type-simple"},"_links":{"self":[{"href":"https:\/\/new.star-gourmet.com\/index.php?rest_route=\/wp\/v2\/product\/357","targetHints":{"allow":["GET"]}}],"collection":[{"href":"https:\/\/new.star-gourmet.com\/index.php?rest_route=\/wp\/v2\/product"}],"about":[{"href":"https:\/\/new.star-gourmet.com\/index.php?rest_route=\/wp\/v2\/types\/product"}],"replies":[{"embeddable":true,"href":"https:\/\/new.star-gourmet.com\/index.php?rest_route=%2Fwp%2Fv2%2Fcomments&post=357"}],"wp:attachment":[{"href":"https:\/\/new.star-gourmet.com\/index.php?rest_route=%2Fwp%2Fv2%2Fmedia&parent=357"}],"wp:term":[{"taxonomy":"product_brand","embeddable":true,"href":"https:\/\/new.star-gourmet.com\/index.php?rest_route=%2Fwp%2Fv2%2Fproduct_brand&post=357"},{"taxonomy":"product_cat","embeddable":true,"href":"https:\/\/new.star-gourmet.com\/index.php?rest_route=%2Fwp%2Fv2%2Fproduct_cat&post=357"},{"taxonomy":"product_tag","embeddable":true,"href":"https:\/\/new.star-gourmet.com\/index.php?rest_route=%2Fwp%2Fv2%2Fproduct_tag&post=357"}],"curies":[{"name":"wp","href":"https:\/\/api.w.org\/{rel}","templated":true}]}}