{"id":355,"date":"2026-03-26T13:03:23","date_gmt":"2026-03-26T12:03:23","guid":{"rendered":"https:\/\/new.star-gourmet.com\/?post_type=product&#038;p=355"},"modified":"2026-03-26T13:03:25","modified_gmt":"2026-03-26T12:03:25","slug":"perlas-de-tomate-12-20-mm-diam","status":"publish","type":"product","link":"https:\/\/new.star-gourmet.com\/?product=perlas-de-tomate-12-20-mm-diam","title":{"rendered":"PERLAS DE TOMATE  <\/br> 12-20 mm diam."},"content":{"rendered":"<p>Perlas de tomate de jugosos tomates Cherry de peque\u00f1o tama\u00f1o (menos de 12\/20 mm di\u00e1metro), conservadas en una preparaci\u00f3n de vinagre.<\/p>\n<p>Econ\u00f3micas y llenas de sabor, estas peque\u00f1as perlas de tomates a\u00f1adir\u00e1n un hermoso color rub\u00ed a tus ensaladas.<\/p>\n<p>85\/95 unidades por lata.<\/p>\n","protected":false},"excerpt":{"rendered":"<p>6 latas de 1 kg por caja.<\/p>\n","protected":false},"featured_media":0,"comment_status":"open","ping_status":"closed","template":"","meta":[],"product_brand":[],"product_cat":[17,16,19],"product_tag":[],"class_list":{"0":"post-355","1":"product","2":"type-product","3":"status-publish","5":"product_cat-antipasti","6":"product_cat-specialita","7":"product_cat-tomates","9":"first","10":"instock","11":"shipping-taxable","12":"product-type-simple"},"_links":{"self":[{"href":"https:\/\/new.star-gourmet.com\/index.php?rest_route=\/wp\/v2\/product\/355","targetHints":{"allow":["GET"]}}],"collection":[{"href":"https:\/\/new.star-gourmet.com\/index.php?rest_route=\/wp\/v2\/product"}],"about":[{"href":"https:\/\/new.star-gourmet.com\/index.php?rest_route=\/wp\/v2\/types\/product"}],"replies":[{"embeddable":true,"href":"https:\/\/new.star-gourmet.com\/index.php?rest_route=%2Fwp%2Fv2%2Fcomments&post=355"}],"wp:attachment":[{"href":"https:\/\/new.star-gourmet.com\/index.php?rest_route=%2Fwp%2Fv2%2Fmedia&parent=355"}],"wp:term":[{"taxonomy":"product_brand","embeddable":true,"href":"https:\/\/new.star-gourmet.com\/index.php?rest_route=%2Fwp%2Fv2%2Fproduct_brand&post=355"},{"taxonomy":"product_cat","embeddable":true,"href":"https:\/\/new.star-gourmet.com\/index.php?rest_route=%2Fwp%2Fv2%2Fproduct_cat&post=355"},{"taxonomy":"product_tag","embeddable":true,"href":"https:\/\/new.star-gourmet.com\/index.php?rest_route=%2Fwp%2Fv2%2Fproduct_tag&post=355"}],"curies":[{"name":"wp","href":"https:\/\/api.w.org\/{rel}","templated":true}]}}