{"id":354,"date":"2026-03-26T13:03:23","date_gmt":"2026-03-26T12:03:23","guid":{"rendered":"https:\/\/new.star-gourmet.com\/?post_type=product&#038;p=354"},"modified":"2026-03-26T13:03:25","modified_gmt":"2026-03-26T12:03:25","slug":"pomodorini-confite-golden-baby","status":"publish","type":"product","link":"https:\/\/new.star-gourmet.com\/?product=pomodorini-confite-golden-baby","title":{"rendered":"POMODORINI CONFITE \"Golden Baby\""},"content":{"rendered":"<p>Los tomatitos amarillos \"Golden Baby\" son tomates Cherry amarillos, \u00fanicos y sorprendentes, seleccionados cuidadosamente por su calidad. Son pelados, parcialmente secados y confitados con az\u00facar y se le a\u00f1ade ajo, albahaca fresca y aceite. Tienen un sabor delicado y fragante, adem\u00e1s de un color amarillo distintivo. Son vers\u00e1tiles en cocina y se pueden usar para realzar platos de pasta y pescado. Su lata de un kilogramo con apertura f\u00e1cil es pr\u00e1ctica y conveniente. Son ideales para pizzas gourmet, entrantes originales y guarniciones coloridas. Tambi\u00e9n se pueden combinar con los tomatitos rojos \"Il Beb\u00e8\" para un efecto crom\u00e1tico efectivo y un equilibrio perfecto de las notas mediterr\u00e1neas que ambos productos ofrecen.<\/p>\n<p>50\/60 unidades por lata.<\/p>\n","protected":false},"excerpt":{"rendered":"<p>6 latas de 1 kg por caja.<\/p>\n","protected":false},"featured_media":0,"comment_status":"open","ping_status":"closed","template":"","meta":[],"product_brand":[],"product_cat":[17,16,19],"product_tag":[],"class_list":{"0":"post-354","1":"product","2":"type-product","3":"status-publish","5":"product_cat-antipasti","6":"product_cat-specialita","7":"product_cat-tomates","9":"first","10":"instock","11":"featured","12":"shipping-taxable","13":"product-type-simple"},"_links":{"self":[{"href":"https:\/\/new.star-gourmet.com\/index.php?rest_route=\/wp\/v2\/product\/354","targetHints":{"allow":["GET"]}}],"collection":[{"href":"https:\/\/new.star-gourmet.com\/index.php?rest_route=\/wp\/v2\/product"}],"about":[{"href":"https:\/\/new.star-gourmet.com\/index.php?rest_route=\/wp\/v2\/types\/product"}],"replies":[{"embeddable":true,"href":"https:\/\/new.star-gourmet.com\/index.php?rest_route=%2Fwp%2Fv2%2Fcomments&post=354"}],"wp:attachment":[{"href":"https:\/\/new.star-gourmet.com\/index.php?rest_route=%2Fwp%2Fv2%2Fmedia&parent=354"}],"wp:term":[{"taxonomy":"product_brand","embeddable":true,"href":"https:\/\/new.star-gourmet.com\/index.php?rest_route=%2Fwp%2Fv2%2Fproduct_brand&post=354"},{"taxonomy":"product_cat","embeddable":true,"href":"https:\/\/new.star-gourmet.com\/index.php?rest_route=%2Fwp%2Fv2%2Fproduct_cat&post=354"},{"taxonomy":"product_tag","embeddable":true,"href":"https:\/\/new.star-gourmet.com\/index.php?rest_route=%2Fwp%2Fv2%2Fproduct_tag&post=354"}],"curies":[{"name":"wp","href":"https:\/\/api.w.org\/{rel}","templated":true}]}}