{"id":353,"date":"2026-03-26T13:03:23","date_gmt":"2026-03-26T12:03:23","guid":{"rendered":"https:\/\/new.star-gourmet.com\/?post_type=product&#038;p=353"},"modified":"2026-03-26T13:03:25","modified_gmt":"2026-03-26T12:03:25","slug":"tomatitos-semisecos-enteros-il-bebe","status":"publish","type":"product","link":"https:\/\/new.star-gourmet.com\/?product=tomatitos-semisecos-enteros-il-bebe","title":{"rendered":"TOMATITOS SEMISECOS ENTEROS \"IL BEBE\""},"content":{"rendered":"<p>Los tomatitos enteros pelados semisecos en aceite con albahaca \"Il beb\u00e9\" son pomodorini italianos, calibrados, perfectamente pelados y parcialmente secados, con un sabor dulce y deliciosamente jugoso en el paladar, conservados en aceite de girasol. La ligera confitura con az\u00facar y la delicada presencia de especias, ajo y albahaca fresca le otorgan al producto inigualables fragancias mediterr\u00e1neas. Los tomatitos \"Il bebe\" son un producto con caracter\u00edsticas \u00fanicas e inimitables en t\u00e9rminos de calidad y m\u00e9todos de procesamiento, ya que el proceso de transformaci\u00f3n implica la cristalizaci\u00f3n de los az\u00facares, lo que le da al tomate un sabor distintivo. Su valor radica en su sabor delicado pero al mismo tiempo pleno y rico en fragancias mediterr\u00e1neas, que lo hace f\u00e1cilmente combinable con diversas preparaciones culinarias. Producto vers\u00e1til, de alto rendimiento, no \u00e1cido, adecuado para su uso en preparaciones calientes, listo para realzar platos de pasta y de pescado. Producto muy vers\u00e1til en cocina: perfecto tambi\u00e9n para enriquecer pizzas blancas y cualquier otra creaci\u00f3n que la imaginaci\u00f3n del chef sugiera.<\/p>\n<p>45\/55 unidades por lata.<\/p>\n","protected":false},"excerpt":{"rendered":"<p>6 latas de 1 kg por caja.<\/p>\n","protected":false},"featured_media":0,"comment_status":"open","ping_status":"closed","template":"","meta":[],"product_brand":[],"product_cat":[17,16,19],"product_tag":[],"class_list":{"0":"post-353","1":"product","2":"type-product","3":"status-publish","5":"product_cat-antipasti","6":"product_cat-specialita","7":"product_cat-tomates","9":"first","10":"instock","11":"featured","12":"shipping-taxable","13":"product-type-simple"},"_links":{"self":[{"href":"https:\/\/new.star-gourmet.com\/index.php?rest_route=\/wp\/v2\/product\/353","targetHints":{"allow":["GET"]}}],"collection":[{"href":"https:\/\/new.star-gourmet.com\/index.php?rest_route=\/wp\/v2\/product"}],"about":[{"href":"https:\/\/new.star-gourmet.com\/index.php?rest_route=\/wp\/v2\/types\/product"}],"replies":[{"embeddable":true,"href":"https:\/\/new.star-gourmet.com\/index.php?rest_route=%2Fwp%2Fv2%2Fcomments&post=353"}],"wp:attachment":[{"href":"https:\/\/new.star-gourmet.com\/index.php?rest_route=%2Fwp%2Fv2%2Fmedia&parent=353"}],"wp:term":[{"taxonomy":"product_brand","embeddable":true,"href":"https:\/\/new.star-gourmet.com\/index.php?rest_route=%2Fwp%2Fv2%2Fproduct_brand&post=353"},{"taxonomy":"product_cat","embeddable":true,"href":"https:\/\/new.star-gourmet.com\/index.php?rest_route=%2Fwp%2Fv2%2Fproduct_cat&post=353"},{"taxonomy":"product_tag","embeddable":true,"href":"https:\/\/new.star-gourmet.com\/index.php?rest_route=%2Fwp%2Fv2%2Fproduct_tag&post=353"}],"curies":[{"name":"wp","href":"https:\/\/api.w.org\/{rel}","templated":true}]}}