{"id":352,"date":"2026-03-26T13:03:22","date_gmt":"2026-03-26T12:03:22","guid":{"rendered":"https:\/\/new.star-gourmet.com\/?post_type=product&#038;p=352"},"modified":"2026-03-26T13:03:25","modified_gmt":"2026-03-26T12:03:25","slug":"wow-straccetti-pomodori-confite","status":"publish","type":"product","link":"https:\/\/new.star-gourmet.com\/?product=wow-straccetti-pomodori-confite","title":{"rendered":"WOW STRACCETTI POMODORI CONFITE"},"content":{"rendered":"<p>Tomates italianos frescos pelados y parcialmente secados, cortados en rodajas antes de ser ligeramente caramelizados con az\u00facar y enriquecidos con albahaca fresca y ajo. Este proceso lleva a la cristalizaci\u00f3n de los az\u00facares, otorgando al producto un sabor \u00fanico.\u00a0\u00a1WOW! Tiras de tomate confitado con caracter\u00edsticas \u00fanicas e inimitables en t\u00e9rminos de calidad y m\u00e9todos de elaboraci\u00f3n. Su virtud radica en un sabor delicado pero a la vez completo y rico en fragancias y aromas mediterr\u00e1neos, que lo hace f\u00e1cilmente combinable con diversas preparaciones.<\/p>\n<p>Es perfecto en platos como pasta alla crudaiola o all'aglione toscano. Tambi\u00e9n es un fant\u00e1stico complemento para pescado al cartoccio o al horno. Funciona muy bien como base para un espagueti al nero di seppia, realzando el sabor del mar proporcionado por moluscos y vieiras. Es una excelente elecci\u00f3n para rellenar pizzas, bruschettas y pinsas, combinadas con salsa amarilla, stracciatella de burrata, filetes de anchoa y albahaca. Por \u00faltimo, es ideal para crostini, cicchetti, pan con tomate y anchoas al estilo espa\u00f1ol: un aut\u00e9ntico deleite.<\/p>\n","protected":false},"excerpt":{"rendered":"<p>6 latas de 1 kg por caja.<\/p>\n","protected":false},"featured_media":0,"comment_status":"open","ping_status":"closed","template":"","meta":[],"product_brand":[],"product_cat":[17,16,19],"product_tag":[],"class_list":{"0":"post-352","1":"product","2":"type-product","3":"status-publish","5":"product_cat-antipasti","6":"product_cat-specialita","7":"product_cat-tomates","9":"first","10":"instock","11":"shipping-taxable","12":"product-type-simple"},"_links":{"self":[{"href":"https:\/\/new.star-gourmet.com\/index.php?rest_route=\/wp\/v2\/product\/352","targetHints":{"allow":["GET"]}}],"collection":[{"href":"https:\/\/new.star-gourmet.com\/index.php?rest_route=\/wp\/v2\/product"}],"about":[{"href":"https:\/\/new.star-gourmet.com\/index.php?rest_route=\/wp\/v2\/types\/product"}],"replies":[{"embeddable":true,"href":"https:\/\/new.star-gourmet.com\/index.php?rest_route=%2Fwp%2Fv2%2Fcomments&post=352"}],"wp:attachment":[{"href":"https:\/\/new.star-gourmet.com\/index.php?rest_route=%2Fwp%2Fv2%2Fmedia&parent=352"}],"wp:term":[{"taxonomy":"product_brand","embeddable":true,"href":"https:\/\/new.star-gourmet.com\/index.php?rest_route=%2Fwp%2Fv2%2Fproduct_brand&post=352"},{"taxonomy":"product_cat","embeddable":true,"href":"https:\/\/new.star-gourmet.com\/index.php?rest_route=%2Fwp%2Fv2%2Fproduct_cat&post=352"},{"taxonomy":"product_tag","embeddable":true,"href":"https:\/\/new.star-gourmet.com\/index.php?rest_route=%2Fwp%2Fv2%2Fproduct_tag&post=352"}],"curies":[{"name":"wp","href":"https:\/\/api.w.org\/{rel}","templated":true}]}}