{"id":351,"date":"2026-03-26T13:03:22","date_gmt":"2026-03-26T12:03:22","guid":{"rendered":"https:\/\/new.star-gourmet.com\/?post_type=product&#038;p=351"},"modified":"2026-03-26T13:03:25","modified_gmt":"2026-03-26T12:03:25","slug":"pomodori-semi-dry-o-sole-mio","status":"publish","type":"product","link":"https:\/\/new.star-gourmet.com\/?product=pomodori-semi-dry-o-sole-mio","title":{"rendered":"POMODORI SEMI-DRY  <\/br>  \u201cO SOLE MIO\""},"content":{"rendered":"<p>El tomate fresco cortado por la mitad se somete a un proceso de secado parcial bajo el c\u00e1lido sol de verano para convertirse en \"semi seco\". Luego, enriquecido con aceite, ajo, pimienta y albahaca fresca, se transforma en \"O sole mio\". \"O sole mio\" es el best seller por excelencia de Ginos, un producto listo para usar con caracter\u00edsticas \u00fanicas e inimitables en t\u00e9rminos de calidad y m\u00e9todos de elaboraci\u00f3n.<\/p>\n<p>Su virtud radica en el sabor delicado pero a la vez completo y rico en fragancias y aromas mediterr\u00e1neos, que lo hace f\u00e1cilmente combinable con diversas preparaciones. No contiene vinagre por lo que es adecuado para su uso en caliente.<\/p>\n<p>Este producto es muy vers\u00e1til en la cocina: ideal para entrantes, guarniciones y buffets; delicioso como aperitivo acompa\u00f1ado de vino y aperitivos. Son excelentes para disfrutar con embutidos, pasta, pizza, focaccias o con mozzarella de b\u00fafala. Son excepcionales con burrata, culatello y gnocco fritto.<\/p>\n<p>20\/25 unidades por lata.<\/p>\n","protected":false},"excerpt":{"rendered":"<p>6 latas de 1 kg por caja.<\/p>\n","protected":false},"featured_media":0,"comment_status":"open","ping_status":"closed","template":"","meta":[],"product_brand":[],"product_cat":[17,16,19],"product_tag":[],"class_list":{"0":"post-351","1":"product","2":"type-product","3":"status-publish","5":"product_cat-antipasti","6":"product_cat-specialita","7":"product_cat-tomates","9":"first","10":"instock","11":"featured","12":"shipping-taxable","13":"product-type-simple"},"_links":{"self":[{"href":"https:\/\/new.star-gourmet.com\/index.php?rest_route=\/wp\/v2\/product\/351","targetHints":{"allow":["GET"]}}],"collection":[{"href":"https:\/\/new.star-gourmet.com\/index.php?rest_route=\/wp\/v2\/product"}],"about":[{"href":"https:\/\/new.star-gourmet.com\/index.php?rest_route=\/wp\/v2\/types\/product"}],"replies":[{"embeddable":true,"href":"https:\/\/new.star-gourmet.com\/index.php?rest_route=%2Fwp%2Fv2%2Fcomments&post=351"}],"wp:attachment":[{"href":"https:\/\/new.star-gourmet.com\/index.php?rest_route=%2Fwp%2Fv2%2Fmedia&parent=351"}],"wp:term":[{"taxonomy":"product_brand","embeddable":true,"href":"https:\/\/new.star-gourmet.com\/index.php?rest_route=%2Fwp%2Fv2%2Fproduct_brand&post=351"},{"taxonomy":"product_cat","embeddable":true,"href":"https:\/\/new.star-gourmet.com\/index.php?rest_route=%2Fwp%2Fv2%2Fproduct_cat&post=351"},{"taxonomy":"product_tag","embeddable":true,"href":"https:\/\/new.star-gourmet.com\/index.php?rest_route=%2Fwp%2Fv2%2Fproduct_tag&post=351"}],"curies":[{"name":"wp","href":"https:\/\/api.w.org\/{rel}","templated":true}]}}