{"id":345,"date":"2026-03-26T13:03:22","date_gmt":"2026-03-26T12:03:22","guid":{"rendered":"https:\/\/new.star-gourmet.com\/?post_type=product&#038;p=345"},"modified":"2026-03-26T13:03:24","modified_gmt":"2026-03-26T12:03:24","slug":"carciofi-fettine-trifolati","status":"publish","type":"product","link":"https:\/\/new.star-gourmet.com\/?product=carciofi-fettine-trifolati","title":{"rendered":"CARCIOFI FETTINE TRIFOLATI"},"content":{"rendered":"<p>Estas alcachofas son de alta calidad y se seleccionan cuidadosamente antes de ser procesadas frescas. Est\u00e1n disponibles durante todo el a\u00f1o y son ideales para pizzas y otros platos. El corte en rodajas ofrece una buena cobertura en pizzas. Son vers\u00e1tiles en la cocina y se pueden usar en diversas preparaciones como escalopas, pastas y m\u00e1s.<\/p>\n","protected":false},"excerpt":{"rendered":"<p>6 x 2 kg<\/p>\n","protected":false},"featured_media":0,"comment_status":"open","ping_status":"closed","template":"","meta":[],"product_brand":[],"product_cat":[18,17,16],"product_tag":[],"class_list":{"0":"post-345","1":"product","2":"type-product","3":"status-publish","5":"product_cat-alcachofas","6":"product_cat-antipasti","7":"product_cat-specialita","9":"first","10":"instock","11":"featured","12":"shipping-taxable","13":"product-type-simple"},"_links":{"self":[{"href":"https:\/\/new.star-gourmet.com\/index.php?rest_route=\/wp\/v2\/product\/345","targetHints":{"allow":["GET"]}}],"collection":[{"href":"https:\/\/new.star-gourmet.com\/index.php?rest_route=\/wp\/v2\/product"}],"about":[{"href":"https:\/\/new.star-gourmet.com\/index.php?rest_route=\/wp\/v2\/types\/product"}],"replies":[{"embeddable":true,"href":"https:\/\/new.star-gourmet.com\/index.php?rest_route=%2Fwp%2Fv2%2Fcomments&post=345"}],"wp:attachment":[{"href":"https:\/\/new.star-gourmet.com\/index.php?rest_route=%2Fwp%2Fv2%2Fmedia&parent=345"}],"wp:term":[{"taxonomy":"product_brand","embeddable":true,"href":"https:\/\/new.star-gourmet.com\/index.php?rest_route=%2Fwp%2Fv2%2Fproduct_brand&post=345"},{"taxonomy":"product_cat","embeddable":true,"href":"https:\/\/new.star-gourmet.com\/index.php?rest_route=%2Fwp%2Fv2%2Fproduct_cat&post=345"},{"taxonomy":"product_tag","embeddable":true,"href":"https:\/\/new.star-gourmet.com\/index.php?rest_route=%2Fwp%2Fv2%2Fproduct_tag&post=345"}],"curies":[{"name":"wp","href":"https:\/\/api.w.org\/{rel}","templated":true}]}}