{"id":222,"date":"2026-03-26T11:57:50","date_gmt":"2026-03-26T10:57:50","guid":{"rendered":"https:\/\/new.star-gourmet.com\/?post_type=product&#038;p=222"},"modified":"2026-03-26T12:54:14","modified_gmt":"2026-03-26T11:54:14","slug":"bio-cuna-parmigiano-reggiano-100-g","status":"publish","type":"product","link":"https:\/\/new.star-gourmet.com\/?product=bio-cuna-parmigiano-reggiano-100-g","title":{"rendered":"BIO CU\u00d1A Parmigiano Reggiano 100 g"},"content":{"rendered":"<p>El Parmigiano Reggiano D.O.P. BIO es el famoso queso italiano, elaborado bajo pr\u00e1cticas agr\u00edcolas ecol\u00f3gicas y sostenibles. Producido con leche de vacas alimentadas con pasto org\u00e1nico y sin el uso de productos qu\u00edmicos sint\u00e9ticos, este queso conserva el aut\u00e9ntico sabor y textura del Parmigiano Reggiano tradicional, pero con un enfoque en la calidad y respeto por el medio ambiente.<\/p>\n<p>Cu\u00f1a de 100 g de corte artesanal.<\/p>\n<p>Nuestro Parmigiano Reggiano D.O.P. cuenta con el Certificado de Bienestar Animal, garantizando que la leche utilizada proviene de vacas criadas en condiciones \u00f3ptimas y respetuosas, asegurando un proceso de producci\u00f3n \u00e9tico y sostenible que destaca la calidad y el compromiso en cada porci\u00f3n de nuestro delicioso queso.<\/p>\n","protected":false},"excerpt":{"rendered":"<p>14 cu\u00f1as de 100 g por caja.<\/p>\n","protected":false},"featured_media":0,"comment_status":"open","ping_status":"closed","template":"","meta":[],"product_brand":[],"product_cat":[52,51],"product_tag":[],"class_list":{"0":"post-222","1":"product","2":"type-product","3":"status-publish","5":"product_cat-parmesano-reggiano","6":"product_cat-quesos","8":"first","9":"instock","10":"shipping-taxable","11":"product-type-simple"},"_links":{"self":[{"href":"https:\/\/new.star-gourmet.com\/index.php?rest_route=\/wp\/v2\/product\/222","targetHints":{"allow":["GET"]}}],"collection":[{"href":"https:\/\/new.star-gourmet.com\/index.php?rest_route=\/wp\/v2\/product"}],"about":[{"href":"https:\/\/new.star-gourmet.com\/index.php?rest_route=\/wp\/v2\/types\/product"}],"replies":[{"embeddable":true,"href":"https:\/\/new.star-gourmet.com\/index.php?rest_route=%2Fwp%2Fv2%2Fcomments&post=222"}],"wp:attachment":[{"href":"https:\/\/new.star-gourmet.com\/index.php?rest_route=%2Fwp%2Fv2%2Fmedia&parent=222"}],"wp:term":[{"taxonomy":"product_brand","embeddable":true,"href":"https:\/\/new.star-gourmet.com\/index.php?rest_route=%2Fwp%2Fv2%2Fproduct_brand&post=222"},{"taxonomy":"product_cat","embeddable":true,"href":"https:\/\/new.star-gourmet.com\/index.php?rest_route=%2Fwp%2Fv2%2Fproduct_cat&post=222"},{"taxonomy":"product_tag","embeddable":true,"href":"https:\/\/new.star-gourmet.com\/index.php?rest_route=%2Fwp%2Fv2%2Fproduct_tag&post=222"}],"curies":[{"name":"wp","href":"https:\/\/api.w.org\/{rel}","templated":true}]}}