{"id":221,"date":"2026-03-26T11:57:50","date_gmt":"2026-03-26T10:57:50","guid":{"rendered":"https:\/\/new.star-gourmet.com\/?post_type=product&#038;p=221"},"modified":"2026-03-26T12:54:13","modified_gmt":"2026-03-26T11:54:13","slug":"focaccia-con-aceitunas","status":"publish","type":"product","link":"https:\/\/new.star-gourmet.com\/?product=focaccia-con-aceitunas","title":{"rendered":"FOCACCIA CON ACEITUNAS"},"content":{"rendered":"<p>La \"Focaccia con aceitunas\" es una deliciosa especialidad italiana que combina la suavidad y esponjosidad de la masa de la focaccia con el sabor y textura de las aceitunas.<\/p>\n<p>Esta focaccia se prepara siguiendo t\u00e9cnicas tradicionales de panader\u00eda, lo que le proporciona una textura aireada y ligeramente crujiente en el exterior, mientras que su interior se mantiene suave y esponjoso.<\/p>\n<p>Antes de hornearla, se incorporan aceitunas verdes por toda la superficie de la masa. Las aceitunas aportan un sabor salado y sabroso a la focaccia, que se mezcla perfectamente con el aroma del aceite de oliva y las hierbas que se utilizan en su preparaci\u00f3n.<\/p>\n<p>La \"Focaccia con aceitunas\" es una opci\u00f3n vers\u00e1til y deliciosa que puede disfrutarse sola como aperitivo, acompa\u00f1ada de una copa de vino, o como acompa\u00f1amiento de platos principales.<\/p>\n<div id=\"simple-translate\" class=\"simple-translate-system-theme\">\n<div>\n<div class=\"simple-translate-button isShow\" style=\"background-image: url('chrome-extension:\/\/ibplnjkanclpjokhdolnendpplpjiace\/icons\/512.png'); height: 22px; width: 22px; top: 45px; left: -43px;\"><\/div>\n<div class=\"simple-translate-panel \" style=\"width: 300px; height: 200px; top: 0px; left: 0px; font-size: 13px;\">\n<div class=\"simple-translate-result-wrapper\" style=\"overflow: hidden;\">\n<div class=\"simple-translate-move\" draggable=\"true\"><\/div>\n<div class=\"simple-translate-result-contents\">\n<p class=\"simple-translate-candidate\" dir=\"auto\">\n<\/div>\n<\/div>\n<\/div>\n<\/div>\n<\/div>\n","protected":false},"excerpt":{"rendered":"<p>5 planchas de 1,8 kg por caja.<\/p>\n<p>Planchas de 60 x 40 x 3 cm.<\/p>\n","protected":false},"featured_media":0,"comment_status":"open","ping_status":"closed","template":"","meta":[],"product_brand":[],"product_cat":[50,33],"product_tag":[],"class_list":{"0":"post-221","1":"product","2":"type-product","3":"status-publish","5":"product_cat-focaccia","6":"product_cat-food-service","8":"first","9":"instock","10":"shipping-taxable","11":"product-type-simple"},"_links":{"self":[{"href":"https:\/\/new.star-gourmet.com\/index.php?rest_route=\/wp\/v2\/product\/221","targetHints":{"allow":["GET"]}}],"collection":[{"href":"https:\/\/new.star-gourmet.com\/index.php?rest_route=\/wp\/v2\/product"}],"about":[{"href":"https:\/\/new.star-gourmet.com\/index.php?rest_route=\/wp\/v2\/types\/product"}],"replies":[{"embeddable":true,"href":"https:\/\/new.star-gourmet.com\/index.php?rest_route=%2Fwp%2Fv2%2Fcomments&post=221"}],"wp:attachment":[{"href":"https:\/\/new.star-gourmet.com\/index.php?rest_route=%2Fwp%2Fv2%2Fmedia&parent=221"}],"wp:term":[{"taxonomy":"product_brand","embeddable":true,"href":"https:\/\/new.star-gourmet.com\/index.php?rest_route=%2Fwp%2Fv2%2Fproduct_brand&post=221"},{"taxonomy":"product_cat","embeddable":true,"href":"https:\/\/new.star-gourmet.com\/index.php?rest_route=%2Fwp%2Fv2%2Fproduct_cat&post=221"},{"taxonomy":"product_tag","embeddable":true,"href":"https:\/\/new.star-gourmet.com\/index.php?rest_route=%2Fwp%2Fv2%2Fproduct_tag&post=221"}],"curies":[{"name":"wp","href":"https:\/\/api.w.org\/{rel}","templated":true}]}}