{"id":219,"date":"2026-03-26T11:57:50","date_gmt":"2026-03-26T10:57:50","guid":{"rendered":"https:\/\/new.star-gourmet.com\/?post_type=product&#038;p=219"},"modified":"2026-03-26T12:54:12","modified_gmt":"2026-03-26T11:54:12","slug":"focaccia-con-queso-stracchino","status":"publish","type":"product","link":"https:\/\/new.star-gourmet.com\/?product=focaccia-con-queso-stracchino","title":{"rendered":"FOCACCIA CON QUESO STRACCHINO"},"content":{"rendered":"<p>La Focaccia con queso stracchino es una deliciosa combinaci\u00f3n de dos tesoros culinarios de Italia: la focaccia y el queso stracchino. Esta focaccia se caracteriza por su textura esponjosa y suave, que contrasta perfectamente con la cremosidad y sabor delicado del queso stracchino.\u00a0La masa de la focaccia se prepara siguiendo t\u00e9cnicas tradicionales, lo que le otorga una textura esponjosa y aireada. Luego se cubre generosamente con el queso stracchino, un queso fresco y cremoso que es apreciado por su suavidad y sabor l\u00e1cteo.<\/p>\n<p>La Focaccia con queso stracchino es una opci\u00f3n vers\u00e1til y deliciosa que puede disfrutarse sola como aperitivo o como acompa\u00f1amiento de platos principales. Su sabor fragante y su combinaci\u00f3n de ingredientes tradicionales cautivar\u00e1n a todos aquellos que la prueben.<\/p>\n<div id=\"simple-translate\" class=\"simple-translate-system-theme\">\n<div>\n<div class=\"simple-translate-button isShow\" style=\"background-image: url('chrome-extension:\/\/ibplnjkanclpjokhdolnendpplpjiace\/icons\/512.png'); height: 22px; width: 22px; top: 33px; left: -3px;\"><\/div>\n<div class=\"simple-translate-panel \" style=\"width: 300px; height: 200px; top: 0px; left: 0px; font-size: 13px;\">\n<div class=\"simple-translate-result-wrapper\" style=\"overflow: hidden;\">\n<div class=\"simple-translate-move\" draggable=\"true\"><\/div>\n<div class=\"simple-translate-result-contents\">\n<p class=\"simple-translate-candidate\" dir=\"auto\">\n<\/div>\n<\/div>\n<\/div>\n<\/div>\n<\/div>\n","protected":false},"excerpt":{"rendered":"<p>5 planchas de 1,8 kg por caja.<\/p>\n<p>Plancha de 60 x 40 x 3 cm.<\/p>\n","protected":false},"featured_media":0,"comment_status":"open","ping_status":"closed","template":"","meta":[],"product_brand":[],"product_cat":[50,33],"product_tag":[],"class_list":{"0":"post-219","1":"product","2":"type-product","3":"status-publish","5":"product_cat-focaccia","6":"product_cat-food-service","8":"first","9":"instock","10":"shipping-taxable","11":"product-type-simple"},"_links":{"self":[{"href":"https:\/\/new.star-gourmet.com\/index.php?rest_route=\/wp\/v2\/product\/219","targetHints":{"allow":["GET"]}}],"collection":[{"href":"https:\/\/new.star-gourmet.com\/index.php?rest_route=\/wp\/v2\/product"}],"about":[{"href":"https:\/\/new.star-gourmet.com\/index.php?rest_route=\/wp\/v2\/types\/product"}],"replies":[{"embeddable":true,"href":"https:\/\/new.star-gourmet.com\/index.php?rest_route=%2Fwp%2Fv2%2Fcomments&post=219"}],"wp:attachment":[{"href":"https:\/\/new.star-gourmet.com\/index.php?rest_route=%2Fwp%2Fv2%2Fmedia&parent=219"}],"wp:term":[{"taxonomy":"product_brand","embeddable":true,"href":"https:\/\/new.star-gourmet.com\/index.php?rest_route=%2Fwp%2Fv2%2Fproduct_brand&post=219"},{"taxonomy":"product_cat","embeddable":true,"href":"https:\/\/new.star-gourmet.com\/index.php?rest_route=%2Fwp%2Fv2%2Fproduct_cat&post=219"},{"taxonomy":"product_tag","embeddable":true,"href":"https:\/\/new.star-gourmet.com\/index.php?rest_route=%2Fwp%2Fv2%2Fproduct_tag&post=219"}],"curies":[{"name":"wp","href":"https:\/\/api.w.org\/{rel}","templated":true}]}}