{"id":199,"date":"2026-03-26T11:57:26","date_gmt":"2026-03-26T10:57:26","guid":{"rendered":"https:\/\/new.star-gourmet.com\/?post_type=product&#038;p=199"},"modified":"2026-03-26T12:54:11","modified_gmt":"2026-03-26T11:54:11","slug":"prosecco-sup-cuvee-brut","status":"publish","type":"product","link":"https:\/\/new.star-gourmet.com\/?product=prosecco-sup-cuvee-brut","title":{"rendered":"PROSECCO SUP. CUV\u00c8E BRUT"},"content":{"rendered":"<p>El Prosecco de Don Giovanni es un vino espumoso hecho seg\u00fan el m\u00e9todo italiano con una larga fermentaci\u00f3n en autoclave. La segunda fermentaci\u00f3n natural resultante desarrolla un perlage fino y propiedades arom\u00e1ticas envolventes. Don Giovanni Prosecco Superiore cautiva con su fascinante y armonioso regusto con notas de manzanas doradas. Fresco y vivo, seduce a sus catadores con gracia y elegante profundidad. Este Prosecco Superiore DOCG es el resultado de la exclusiva selecci\u00f3n de las mejores uvas Glera cultivadas en las suaves colinas de Conegliano y Valdobbiadene. Una r\u00edtmica sucesi\u00f3n de pendientes caracterizada por viejos vi\u00f1edos.<\/p>\n<ul>\n<li>Prosecco brut 11,5% vol.<\/li>\n<li><span class=\"a-list-item\">En el vaso un amarillo pajizo brillante<\/span><\/li>\n<li class=\"a-spacing-mini\"><span class=\"a-list-item\">Muy afrutado despu\u00e9s de diferentes frutas como las manzanas<\/span><\/li>\n<li class=\"a-spacing-mini\"><span class=\"a-list-item\">Matices florales en el paladar<\/span><\/li>\n<li class=\"a-spacing-mini\"><span class=\"a-list-item\">El Prosecco convence con su cautivador sabor a miel de acacia y manzanas maduras<\/span><\/li>\n<li class=\"a-spacing-mini\"><span class=\"a-list-item\">Bebe el vino espumoso entre 6-8 \u00b0C<\/span><\/li>\n<li class=\"a-spacing-mini\"><span class=\"a-list-item\">Az\u00facar residual: 10 g\/l<\/span><\/li>\n<li class=\"a-spacing-mini\"><span class=\"a-list-item\">Acidez: 6,0 g\/l<\/span><\/li>\n<\/ul>\n","protected":false},"excerpt":{"rendered":"<p>6 botellas de 75 cl por caja.<\/p>\n","protected":false},"featured_media":0,"comment_status":"open","ping_status":"closed","template":"","meta":[],"product_brand":[],"product_cat":[33,49],"product_tag":[],"class_list":{"0":"post-199","1":"product","2":"type-product","3":"status-publish","5":"product_cat-food-service","6":"product_cat-prosecco","8":"first","9":"instock","10":"shipping-taxable","11":"product-type-simple"},"_links":{"self":[{"href":"https:\/\/new.star-gourmet.com\/index.php?rest_route=\/wp\/v2\/product\/199","targetHints":{"allow":["GET"]}}],"collection":[{"href":"https:\/\/new.star-gourmet.com\/index.php?rest_route=\/wp\/v2\/product"}],"about":[{"href":"https:\/\/new.star-gourmet.com\/index.php?rest_route=\/wp\/v2\/types\/product"}],"replies":[{"embeddable":true,"href":"https:\/\/new.star-gourmet.com\/index.php?rest_route=%2Fwp%2Fv2%2Fcomments&post=199"}],"wp:attachment":[{"href":"https:\/\/new.star-gourmet.com\/index.php?rest_route=%2Fwp%2Fv2%2Fmedia&parent=199"}],"wp:term":[{"taxonomy":"product_brand","embeddable":true,"href":"https:\/\/new.star-gourmet.com\/index.php?rest_route=%2Fwp%2Fv2%2Fproduct_brand&post=199"},{"taxonomy":"product_cat","embeddable":true,"href":"https:\/\/new.star-gourmet.com\/index.php?rest_route=%2Fwp%2Fv2%2Fproduct_cat&post=199"},{"taxonomy":"product_tag","embeddable":true,"href":"https:\/\/new.star-gourmet.com\/index.php?rest_route=%2Fwp%2Fv2%2Fproduct_tag&post=199"}],"curies":[{"name":"wp","href":"https:\/\/api.w.org\/{rel}","templated":true}]}}