{"id":188,"date":"2026-03-26T11:57:01","date_gmt":"2026-03-26T10:57:01","guid":{"rendered":"https:\/\/new.star-gourmet.com\/?post_type=product&#038;p=188"},"modified":"2026-03-26T12:54:10","modified_gmt":"2026-03-26T11:54:10","slug":"prosecco-d-o-c-rosado","status":"publish","type":"product","link":"https:\/\/new.star-gourmet.com\/?product=prosecco-d-o-c-rosado","title":{"rendered":"PROSECCO D.O.C. ROSADO"},"content":{"rendered":"<p>El Prosecco de Don Giovanni es un vino espumoso elaborado seg\u00fan el m\u00e9todo italiano con una larga fermentaci\u00f3n en autoclaves. La segunda fermentaci\u00f3n natural resultante desarrolla un fino perlaje y unas caracter\u00edsticas arom\u00e1ticas envolventes. Este Prosecco DOCG es el resultado de la exclusiva selecci\u00f3n de las mejores uvas Glera y Pinot Nero. (automated translation)<\/p>\n<ul>\n<li>Prosecco rosado 11,5% vol.<\/li>\n<li class=\"a-spacing-mini\"><span class=\"a-list-item\">En la copa un rosa p\u00e1lido<\/span><\/li>\n<li class=\"a-spacing-mini\"><span class=\"a-list-item\">Muy afrutado de varias frutas como la manzana<\/span><\/li>\n<li class=\"a-spacing-mini\"><span class=\"a-list-item\">En el paladar, matices florales, as\u00ed como matices c\u00edtricos<\/span><\/li>\n<li class=\"a-spacing-mini\"><span class=\"a-list-item\">El Prosecco convence con su cautivador regusto a manzanas maduras<\/span><\/li>\n<li class=\"a-spacing-mini\"><span class=\"a-list-item\">Beba el vino espumoso entre 4-5\u00b0C<\/span><\/li>\n<li class=\"a-spacing-mini\"><span class=\"a-list-item\">Disfrute del Prosecco como aperitivo<\/span><\/li>\n<\/ul>\n","protected":false},"excerpt":{"rendered":"<p>6 botellas de 75 cl por caja.<\/p>\n","protected":false},"featured_media":0,"comment_status":"open","ping_status":"closed","template":"","meta":[],"product_brand":[],"product_cat":[33,49],"product_tag":[],"class_list":{"0":"post-188","1":"product","2":"type-product","3":"status-publish","5":"product_cat-food-service","6":"product_cat-prosecco","8":"first","9":"instock","10":"shipping-taxable","11":"product-type-simple"},"_links":{"self":[{"href":"https:\/\/new.star-gourmet.com\/index.php?rest_route=\/wp\/v2\/product\/188","targetHints":{"allow":["GET"]}}],"collection":[{"href":"https:\/\/new.star-gourmet.com\/index.php?rest_route=\/wp\/v2\/product"}],"about":[{"href":"https:\/\/new.star-gourmet.com\/index.php?rest_route=\/wp\/v2\/types\/product"}],"replies":[{"embeddable":true,"href":"https:\/\/new.star-gourmet.com\/index.php?rest_route=%2Fwp%2Fv2%2Fcomments&post=188"}],"wp:attachment":[{"href":"https:\/\/new.star-gourmet.com\/index.php?rest_route=%2Fwp%2Fv2%2Fmedia&parent=188"}],"wp:term":[{"taxonomy":"product_brand","embeddable":true,"href":"https:\/\/new.star-gourmet.com\/index.php?rest_route=%2Fwp%2Fv2%2Fproduct_brand&post=188"},{"taxonomy":"product_cat","embeddable":true,"href":"https:\/\/new.star-gourmet.com\/index.php?rest_route=%2Fwp%2Fv2%2Fproduct_cat&post=188"},{"taxonomy":"product_tag","embeddable":true,"href":"https:\/\/new.star-gourmet.com\/index.php?rest_route=%2Fwp%2Fv2%2Fproduct_tag&post=188"}],"curies":[{"name":"wp","href":"https:\/\/api.w.org\/{rel}","templated":true}]}}