{"id":168,"date":"2026-03-26T11:56:39","date_gmt":"2026-03-26T10:56:39","guid":{"rendered":"https:\/\/new.star-gourmet.com\/?post_type=product&#038;p=168"},"modified":"2026-03-26T12:54:09","modified_gmt":"2026-03-26T11:54:09","slug":"pinsa-romana-cuatro-quesos","status":"publish","type":"product","link":"https:\/\/new.star-gourmet.com\/?product=pinsa-romana-cuatro-quesos","title":{"rendered":"PINSA ROMANA CUATRO QUESOS"},"content":{"rendered":"<p class=\"p1\">La diferencia entre la pinsa\u00a0y la pizza est\u00e1 en la masa\u00a0que, en el caso de la pinsa,\u00a0se prepara con ingredientes\u00a0100% vegetales y naturales,\u00a0utilizando harina de trigo y\u00a0sin ninguna grasa m\u00e1s all\u00e1\u00a0de la del aceite de oliva\u00a0virgen; la masa de la pinsa\u00a0es mucho m\u00e1s ligera y\u00a0digestiva que la de la pizza.<\/p>\n<p>La Pinsa Romana Cuatro quesos tiene como ingredientes:<\/p>\n<ul>\n<li class=\"p1\">Mozzarella<\/li>\n<li class=\"p1\">Emmental<\/li>\n<li>Gorgonzola<\/li>\n<li>Cheddar<\/li>\n<li class=\"p1\">Harina de trigo<\/li>\n<li class=\"p1\">Agua<\/li>\n<li class=\"p1\">Levadura<\/li>\n<li class=\"p1\">Sal<\/li>\n<\/ul>\n<p>F\u00e1cil y r\u00e1pida preparaci\u00f3n: 4 minutos en horno bien caliente, y pinsa lista!<\/p>\n<div id=\"simple-translate\" class=\"simple-translate-system-theme\">\n<div>\n<div class=\"simple-translate-button isShow\" style=\"background-image: url('chrome-extension:\/\/ibplnjkanclpjokhdolnendpplpjiace\/icons\/512.png'); height: 22px; width: 22px; top: 56px; left: -6px;\"><\/div>\n<div class=\"simple-translate-panel \" style=\"width: 300px; height: 200px; top: 0px; left: 0px; font-size: 13px;\">\n<div class=\"simple-translate-result-wrapper\" style=\"overflow: hidden;\">\n<div class=\"simple-translate-move\" draggable=\"true\"><\/div>\n<div class=\"simple-translate-result-contents\">\n<p class=\"simple-translate-result\" dir=\"auto\">\n<p class=\"simple-translate-candidate\" dir=\"auto\">\n<\/div>\n<\/div>\n<\/div>\n<\/div>\n<\/div>\n","protected":false},"excerpt":{"rendered":"<p>10 pinsas de 400 g aprox. por caja.<\/p>\n<p>30\/33 cm de di\u00e1metro.<\/p>\n","protected":false},"featured_media":0,"comment_status":"open","ping_status":"closed","template":"","meta":[],"product_brand":[],"product_cat":[33,48],"product_tag":[],"class_list":{"0":"post-168","1":"product","2":"type-product","3":"status-publish","5":"product_cat-food-service","6":"product_cat-pinsa-romana","8":"first","9":"instock","10":"shipping-taxable","11":"product-type-simple"},"_links":{"self":[{"href":"https:\/\/new.star-gourmet.com\/index.php?rest_route=\/wp\/v2\/product\/168","targetHints":{"allow":["GET"]}}],"collection":[{"href":"https:\/\/new.star-gourmet.com\/index.php?rest_route=\/wp\/v2\/product"}],"about":[{"href":"https:\/\/new.star-gourmet.com\/index.php?rest_route=\/wp\/v2\/types\/product"}],"replies":[{"embeddable":true,"href":"https:\/\/new.star-gourmet.com\/index.php?rest_route=%2Fwp%2Fv2%2Fcomments&post=168"}],"wp:attachment":[{"href":"https:\/\/new.star-gourmet.com\/index.php?rest_route=%2Fwp%2Fv2%2Fmedia&parent=168"}],"wp:term":[{"taxonomy":"product_brand","embeddable":true,"href":"https:\/\/new.star-gourmet.com\/index.php?rest_route=%2Fwp%2Fv2%2Fproduct_brand&post=168"},{"taxonomy":"product_cat","embeddable":true,"href":"https:\/\/new.star-gourmet.com\/index.php?rest_route=%2Fwp%2Fv2%2Fproduct_cat&post=168"},{"taxonomy":"product_tag","embeddable":true,"href":"https:\/\/new.star-gourmet.com\/index.php?rest_route=%2Fwp%2Fv2%2Fproduct_tag&post=168"}],"curies":[{"name":"wp","href":"https:\/\/api.w.org\/{rel}","templated":true}]}}