{"id":165,"date":"2026-03-26T11:56:39","date_gmt":"2026-03-26T10:56:39","guid":{"rendered":"https:\/\/new.star-gourmet.com\/?post_type=product&#038;p=165"},"modified":"2026-03-26T12:54:09","modified_gmt":"2026-03-26T11:54:09","slug":"pinsa-romana-con-tomate-masa-madre","status":"publish","type":"product","link":"https:\/\/new.star-gourmet.com\/?product=pinsa-romana-con-tomate-masa-madre","title":{"rendered":"PINSA ROMANA CON TOMATE masa madre"},"content":{"rendered":"<p>La masa madre es una t\u00e9cnica de fermentaci\u00f3n natural que utiliza levaduras y bacterias presentes en el ambiente para levar la masa, lo que resulta en una masa m\u00e1s digerible y con un sabor m\u00e1s complejo. Al emplear masa madre en la preparaci\u00f3n de la pinsa romana, se obtiene una base de pizza m\u00e1s ligera, aireada y con una textura crujiente. Esta base para Pinsa Romana viene cubierta con una deliciosa mezcla de tomate fresco y sabrosas especias, lo que realza su sabor y aroma.<\/p>\n","protected":false},"excerpt":{"rendered":"<p>15 unidades de 295 g por caja.<\/p>\n","protected":false},"featured_media":0,"comment_status":"open","ping_status":"closed","template":"","meta":[],"product_brand":[],"product_cat":[33,48],"product_tag":[],"class_list":{"0":"post-165","1":"product","2":"type-product","3":"status-publish","5":"product_cat-food-service","6":"product_cat-pinsa-romana","8":"first","9":"instock","10":"shipping-taxable","11":"product-type-simple"},"_links":{"self":[{"href":"https:\/\/new.star-gourmet.com\/index.php?rest_route=\/wp\/v2\/product\/165","targetHints":{"allow":["GET"]}}],"collection":[{"href":"https:\/\/new.star-gourmet.com\/index.php?rest_route=\/wp\/v2\/product"}],"about":[{"href":"https:\/\/new.star-gourmet.com\/index.php?rest_route=\/wp\/v2\/types\/product"}],"replies":[{"embeddable":true,"href":"https:\/\/new.star-gourmet.com\/index.php?rest_route=%2Fwp%2Fv2%2Fcomments&post=165"}],"wp:attachment":[{"href":"https:\/\/new.star-gourmet.com\/index.php?rest_route=%2Fwp%2Fv2%2Fmedia&parent=165"}],"wp:term":[{"taxonomy":"product_brand","embeddable":true,"href":"https:\/\/new.star-gourmet.com\/index.php?rest_route=%2Fwp%2Fv2%2Fproduct_brand&post=165"},{"taxonomy":"product_cat","embeddable":true,"href":"https:\/\/new.star-gourmet.com\/index.php?rest_route=%2Fwp%2Fv2%2Fproduct_cat&post=165"},{"taxonomy":"product_tag","embeddable":true,"href":"https:\/\/new.star-gourmet.com\/index.php?rest_route=%2Fwp%2Fv2%2Fproduct_tag&post=165"}],"curies":[{"name":"wp","href":"https:\/\/api.w.org\/{rel}","templated":true}]}}