{"id":130,"date":"2026-03-26T11:55:51","date_gmt":"2026-03-26T10:55:51","guid":{"rendered":"https:\/\/new.star-gourmet.com\/?post_type=product&#038;p=130"},"modified":"2026-03-26T12:54:05","modified_gmt":"2026-03-26T11:54:05","slug":"tagliatelle-negro","status":"publish","type":"product","link":"https:\/\/new.star-gourmet.com\/?product=tagliatelle-negro","title":{"rendered":"TAGLIATELLE NEGRO"},"content":{"rendered":"<p>El Tagliatelle Negro es una opci\u00f3n de pasta \u00fanica y elegante. Esta pasta fresca se ti\u00f1e naturalmente con tinta de calamar, lo que le otorga un distintivo color negro intenso y un sabor delicado del mar. El Tagliatelle Negro es una verdadera muestra de la creatividad y sofisticaci\u00f3n culinaria, perfectos para aquellos que buscan una experiencia gastron\u00f3mica distinta y memorable.<\/p>\n<p>Tiempo de cocci\u00f3n: 5 minutos<\/p>\n","protected":false},"excerpt":{"rendered":"<p>Caja de 3 kg.<\/p>\n","protected":false},"featured_media":0,"comment_status":"open","ping_status":"closed","template":"","meta":[],"product_brand":[],"product_cat":[33,44,40],"product_tag":[],"class_list":{"0":"post-130","1":"product","2":"type-product","3":"status-publish","5":"product_cat-food-service","6":"product_cat-larga-corta-y-gnocchi","7":"product_cat-pasta-congelada","9":"first","10":"instock","11":"shipping-taxable","12":"product-type-simple"},"_links":{"self":[{"href":"https:\/\/new.star-gourmet.com\/index.php?rest_route=\/wp\/v2\/product\/130","targetHints":{"allow":["GET"]}}],"collection":[{"href":"https:\/\/new.star-gourmet.com\/index.php?rest_route=\/wp\/v2\/product"}],"about":[{"href":"https:\/\/new.star-gourmet.com\/index.php?rest_route=\/wp\/v2\/types\/product"}],"replies":[{"embeddable":true,"href":"https:\/\/new.star-gourmet.com\/index.php?rest_route=%2Fwp%2Fv2%2Fcomments&post=130"}],"wp:attachment":[{"href":"https:\/\/new.star-gourmet.com\/index.php?rest_route=%2Fwp%2Fv2%2Fmedia&parent=130"}],"wp:term":[{"taxonomy":"product_brand","embeddable":true,"href":"https:\/\/new.star-gourmet.com\/index.php?rest_route=%2Fwp%2Fv2%2Fproduct_brand&post=130"},{"taxonomy":"product_cat","embeddable":true,"href":"https:\/\/new.star-gourmet.com\/index.php?rest_route=%2Fwp%2Fv2%2Fproduct_cat&post=130"},{"taxonomy":"product_tag","embeddable":true,"href":"https:\/\/new.star-gourmet.com\/index.php?rest_route=%2Fwp%2Fv2%2Fproduct_tag&post=130"}],"curies":[{"name":"wp","href":"https:\/\/api.w.org\/{rel}","templated":true}]}}