{"id":129,"date":"2026-03-26T11:55:51","date_gmt":"2026-03-26T10:55:51","guid":{"rendered":"https:\/\/new.star-gourmet.com\/?post_type=product&#038;p=129"},"modified":"2026-03-26T12:54:05","modified_gmt":"2026-03-26T11:54:05","slug":"tagliatelle-verde","status":"publish","type":"product","link":"https:\/\/new.star-gourmet.com\/?product=tagliatelle-verde","title":{"rendered":"TAGLIATELLE VERDE"},"content":{"rendered":"<p>El Tagliatelle verde es una opci\u00f3n de pasta fresca con un toque de color y sabor distintivo. El intenso color verde se logra con la incorporaci\u00f3n de espinacas frescas a la masa, brindando una experiencia culinaria \u00fanica y saludable.\u00a0Nuestro Tagliatelle verde es elaborado con ingredientes de alta calidad y con un proceso cuidadoso para asegurar su autenticidad y sabor excepcional. Su textura suave y sedosa se combina perfectamente con una variedad de salsas.<\/p>\n<p>Tiempo de cocci\u00f3n: 5 minutos<\/p>\n<div id=\"simple-translate\" class=\"simple-translate-system-theme\">\n<div>\n<div class=\"simple-translate-button isShow\" style=\"background-image: url('chrome-extension:\/\/ibplnjkanclpjokhdolnendpplpjiace\/icons\/512.png'); height: 22px; width: 22px; top: 102px; left: 1134px;\"><\/div>\n<div class=\"simple-translate-panel \" style=\"width: 300px; height: 200px; top: 0px; left: 0px; font-size: 13px;\">\n<div class=\"simple-translate-result-wrapper\" style=\"overflow: hidden;\">\n<div class=\"simple-translate-move\" draggable=\"true\"><\/div>\n<div class=\"simple-translate-result-contents\">\n<p class=\"simple-translate-result\" dir=\"auto\">\n<p class=\"simple-translate-candidate\" dir=\"auto\">\n<\/div>\n<\/div>\n<\/div>\n<\/div>\n<\/div>\n","protected":false},"excerpt":{"rendered":"<p>Caja de 3 kg.<\/p>\n","protected":false},"featured_media":0,"comment_status":"open","ping_status":"closed","template":"","meta":[],"product_brand":[],"product_cat":[33,44,40],"product_tag":[],"class_list":{"0":"post-129","1":"product","2":"type-product","3":"status-publish","5":"product_cat-food-service","6":"product_cat-larga-corta-y-gnocchi","7":"product_cat-pasta-congelada","9":"first","10":"instock","11":"shipping-taxable","12":"product-type-simple"},"_links":{"self":[{"href":"https:\/\/new.star-gourmet.com\/index.php?rest_route=\/wp\/v2\/product\/129","targetHints":{"allow":["GET"]}}],"collection":[{"href":"https:\/\/new.star-gourmet.com\/index.php?rest_route=\/wp\/v2\/product"}],"about":[{"href":"https:\/\/new.star-gourmet.com\/index.php?rest_route=\/wp\/v2\/types\/product"}],"replies":[{"embeddable":true,"href":"https:\/\/new.star-gourmet.com\/index.php?rest_route=%2Fwp%2Fv2%2Fcomments&post=129"}],"wp:attachment":[{"href":"https:\/\/new.star-gourmet.com\/index.php?rest_route=%2Fwp%2Fv2%2Fmedia&parent=129"}],"wp:term":[{"taxonomy":"product_brand","embeddable":true,"href":"https:\/\/new.star-gourmet.com\/index.php?rest_route=%2Fwp%2Fv2%2Fproduct_brand&post=129"},{"taxonomy":"product_cat","embeddable":true,"href":"https:\/\/new.star-gourmet.com\/index.php?rest_route=%2Fwp%2Fv2%2Fproduct_cat&post=129"},{"taxonomy":"product_tag","embeddable":true,"href":"https:\/\/new.star-gourmet.com\/index.php?rest_route=%2Fwp%2Fv2%2Fproduct_tag&post=129"}],"curies":[{"name":"wp","href":"https:\/\/api.w.org\/{rel}","templated":true}]}}