{"id":124,"date":"2026-03-26T11:55:50","date_gmt":"2026-03-26T10:55:50","guid":{"rendered":"https:\/\/new.star-gourmet.com\/?post_type=product&#038;p=124"},"modified":"2026-03-26T12:54:03","modified_gmt":"2026-03-26T11:54:03","slug":"tortelloni-de-boletus-y-trufa","status":"publish","type":"product","link":"https:\/\/new.star-gourmet.com\/?product=tortelloni-de-boletus-y-trufa","title":{"rendered":"TORTELLONI DE BOLETUS Y TRUFA"},"content":{"rendered":"<p>Los Tortelloni gigantes de boletus y trufa est\u00e1n elaborados con una deliciosa masa fresca rellena de boletus y trufa negra, lo que les confiere un sabor inigualable y sofisticado. Su congelaci\u00f3n garantiza la frescura y calidad de los ingredientes, permitiendo una preparaci\u00f3n r\u00e1pida y sencilla para ofrecer una experiencia culinaria gourmet en pocos minutos.<\/p>\n<p>Tiempo de cocci\u00f3n: 5 minutos.<\/p>\n<div id=\"simple-translate\" class=\"simple-translate-system-theme\">\n<div>\n<div class=\"simple-translate-button isShow\" style=\"background-image: url('chrome-extension:\/\/ibplnjkanclpjokhdolnendpplpjiace\/icons\/512.png'); height: 22px; width: 22px; top: 44px; left: -18px;\"><\/div>\n<div class=\"simple-translate-panel \" style=\"width: 300px; height: 200px; top: 0px; left: 0px; font-size: 13px;\">\n<div class=\"simple-translate-result-wrapper\" style=\"overflow: hidden;\">\n<div class=\"simple-translate-move\" draggable=\"true\"><\/div>\n<div class=\"simple-translate-result-contents\">\n<p class=\"simple-translate-result\" dir=\"auto\">\n<p class=\"simple-translate-candidate\" dir=\"auto\">\n<\/div>\n<\/div>\n<\/div>\n<\/div>\n<\/div>\n","protected":false},"excerpt":{"rendered":"<p>3 bolsas de 1 kg por caja.<\/p>\n<p>Medidas de cada tortelloni: 5,5 x 5,5 cm<\/p>\n<p>Peso de cada tortelloni: 28 g<\/p>\n","protected":false},"featured_media":0,"comment_status":"open","ping_status":"closed","template":"","meta":[],"product_brand":[],"product_cat":[33,40,43],"product_tag":[],"class_list":{"0":"post-124","1":"product","2":"type-product","3":"status-publish","5":"product_cat-food-service","6":"product_cat-pasta-congelada","7":"product_cat-rellena","9":"first","10":"instock","11":"shipping-taxable","12":"product-type-simple"},"_links":{"self":[{"href":"https:\/\/new.star-gourmet.com\/index.php?rest_route=\/wp\/v2\/product\/124","targetHints":{"allow":["GET"]}}],"collection":[{"href":"https:\/\/new.star-gourmet.com\/index.php?rest_route=\/wp\/v2\/product"}],"about":[{"href":"https:\/\/new.star-gourmet.com\/index.php?rest_route=\/wp\/v2\/types\/product"}],"replies":[{"embeddable":true,"href":"https:\/\/new.star-gourmet.com\/index.php?rest_route=%2Fwp%2Fv2%2Fcomments&post=124"}],"wp:attachment":[{"href":"https:\/\/new.star-gourmet.com\/index.php?rest_route=%2Fwp%2Fv2%2Fmedia&parent=124"}],"wp:term":[{"taxonomy":"product_brand","embeddable":true,"href":"https:\/\/new.star-gourmet.com\/index.php?rest_route=%2Fwp%2Fv2%2Fproduct_brand&post=124"},{"taxonomy":"product_cat","embeddable":true,"href":"https:\/\/new.star-gourmet.com\/index.php?rest_route=%2Fwp%2Fv2%2Fproduct_cat&post=124"},{"taxonomy":"product_tag","embeddable":true,"href":"https:\/\/new.star-gourmet.com\/index.php?rest_route=%2Fwp%2Fv2%2Fproduct_tag&post=124"}],"curies":[{"name":"wp","href":"https:\/\/api.w.org\/{rel}","templated":true}]}}