{"id":119,"date":"2026-03-26T11:55:50","date_gmt":"2026-03-26T10:55:50","guid":{"rendered":"https:\/\/new.star-gourmet.com\/?post_type=product&#038;p=119"},"modified":"2026-03-26T12:54:02","modified_gmt":"2026-03-26T11:54:02","slug":"pasta-para-lasana-verde","status":"publish","type":"product","link":"https:\/\/new.star-gourmet.com\/?product=pasta-para-lasana-verde","title":{"rendered":"PASTA PARA LASA\u00d1A VERDE"},"content":{"rendered":"<p>Las placas para lasa\u00f1a verdes est\u00e1n elaboradas con una masa fresca enriquecida con espinacas, lo que les proporciona su caracter\u00edstico color verde y un sutil sabor vegetal.\u00a0Estas placas de lasa\u00f1a son vers\u00e1tiles y f\u00e1ciles de usar, permiti\u00e9ndoles crear deliciosas lasa\u00f1as o canelones rellenos de sabor y textura.<\/p>\n","protected":false},"excerpt":{"rendered":"<p>12 hojas en 5 paquetes de 2 kg por caja.<\/p>\n<p>Medidas de cada placa: 46 x 25 cm.<\/p>\n","protected":false},"featured_media":0,"comment_status":"open","ping_status":"closed","template":"","meta":[],"product_brand":[],"product_cat":[41,33,40],"product_tag":[],"class_list":{"0":"post-119","1":"product","2":"type-product","3":"status-publish","5":"product_cat-al-horno","6":"product_cat-food-service","7":"product_cat-pasta-congelada","9":"first","10":"instock","11":"shipping-taxable","12":"product-type-simple"},"_links":{"self":[{"href":"https:\/\/new.star-gourmet.com\/index.php?rest_route=\/wp\/v2\/product\/119","targetHints":{"allow":["GET"]}}],"collection":[{"href":"https:\/\/new.star-gourmet.com\/index.php?rest_route=\/wp\/v2\/product"}],"about":[{"href":"https:\/\/new.star-gourmet.com\/index.php?rest_route=\/wp\/v2\/types\/product"}],"replies":[{"embeddable":true,"href":"https:\/\/new.star-gourmet.com\/index.php?rest_route=%2Fwp%2Fv2%2Fcomments&post=119"}],"wp:attachment":[{"href":"https:\/\/new.star-gourmet.com\/index.php?rest_route=%2Fwp%2Fv2%2Fmedia&parent=119"}],"wp:term":[{"taxonomy":"product_brand","embeddable":true,"href":"https:\/\/new.star-gourmet.com\/index.php?rest_route=%2Fwp%2Fv2%2Fproduct_brand&post=119"},{"taxonomy":"product_cat","embeddable":true,"href":"https:\/\/new.star-gourmet.com\/index.php?rest_route=%2Fwp%2Fv2%2Fproduct_cat&post=119"},{"taxonomy":"product_tag","embeddable":true,"href":"https:\/\/new.star-gourmet.com\/index.php?rest_route=%2Fwp%2Fv2%2Fproduct_tag&post=119"}],"curies":[{"name":"wp","href":"https:\/\/api.w.org\/{rel}","templated":true}]}}