{"id":118,"date":"2026-03-26T11:55:50","date_gmt":"2026-03-26T10:55:50","guid":{"rendered":"https:\/\/new.star-gourmet.com\/?post_type=product&#038;p=118"},"modified":"2026-03-26T12:54:01","modified_gmt":"2026-03-26T11:54:01","slug":"pasta-para-lasana-al-huevo","status":"publish","type":"product","link":"https:\/\/new.star-gourmet.com\/?product=pasta-para-lasana-al-huevo","title":{"rendered":"PASTA PARA LASA\u00d1A AL HUEVO"},"content":{"rendered":"<p>Las placas para lasa\u00f1a amarillas est\u00e1n hechas con una masa tradicional a base de huevo y harina, lo que les brinda un color amarillo caracter\u00edstico y una textura suave y reconfortante.\u00a0Su congelaci\u00f3n asegura la frescura y calidad de la pasta, permiti\u00e9ndoles ahorrar tiempo en la preparaci\u00f3n sin comprometer el sabor y la autenticidad.<\/p>\n","protected":false},"excerpt":{"rendered":"<p>12 hojas en 5 paquetes de 2 kg por caja.<\/p>\n<p>Medidas de cada placa: 46 x 25 cm.<\/p>\n","protected":false},"featured_media":0,"comment_status":"open","ping_status":"closed","template":"","meta":[],"product_brand":[],"product_cat":[41,33,40],"product_tag":[],"class_list":{"0":"post-118","1":"product","2":"type-product","3":"status-publish","5":"product_cat-al-horno","6":"product_cat-food-service","7":"product_cat-pasta-congelada","9":"first","10":"instock","11":"shipping-taxable","12":"product-type-simple"},"_links":{"self":[{"href":"https:\/\/new.star-gourmet.com\/index.php?rest_route=\/wp\/v2\/product\/118","targetHints":{"allow":["GET"]}}],"collection":[{"href":"https:\/\/new.star-gourmet.com\/index.php?rest_route=\/wp\/v2\/product"}],"about":[{"href":"https:\/\/new.star-gourmet.com\/index.php?rest_route=\/wp\/v2\/types\/product"}],"replies":[{"embeddable":true,"href":"https:\/\/new.star-gourmet.com\/index.php?rest_route=%2Fwp%2Fv2%2Fcomments&post=118"}],"wp:attachment":[{"href":"https:\/\/new.star-gourmet.com\/index.php?rest_route=%2Fwp%2Fv2%2Fmedia&parent=118"}],"wp:term":[{"taxonomy":"product_brand","embeddable":true,"href":"https:\/\/new.star-gourmet.com\/index.php?rest_route=%2Fwp%2Fv2%2Fproduct_brand&post=118"},{"taxonomy":"product_cat","embeddable":true,"href":"https:\/\/new.star-gourmet.com\/index.php?rest_route=%2Fwp%2Fv2%2Fproduct_cat&post=118"},{"taxonomy":"product_tag","embeddable":true,"href":"https:\/\/new.star-gourmet.com\/index.php?rest_route=%2Fwp%2Fv2%2Fproduct_tag&post=118"}],"curies":[{"name":"wp","href":"https:\/\/api.w.org\/{rel}","templated":true}]}}