{"id":117,"date":"2026-03-26T11:55:49","date_gmt":"2026-03-26T10:55:49","guid":{"rendered":"https:\/\/new.star-gourmet.com\/?post_type=product&#038;p=117"},"modified":"2026-03-26T12:54:00","modified_gmt":"2026-03-26T11:54:00","slug":"canelones-ricotta-y-espinacas","status":"publish","type":"product","link":"https:\/\/new.star-gourmet.com\/?product=canelones-ricotta-y-espinacas","title":{"rendered":"CANELONES RICOTTA Y ESPINACAS"},"content":{"rendered":"<p>Nuestros canelones de ricotta y espinacas est\u00e1n cuidadosamente preparados con una mezcla de ricotta suave y espinacas frescas, envueltos en delicadas l\u00e1minas de pasta, que luego son congeladas para garantizar su frescura y calidad.\u00a0Estos canelones ofrecen una soluci\u00f3n pr\u00e1ctica y r\u00e1pida para ofrecer una aut\u00e9ntica receta italiana, ya que solo necesitar\u00e1n ser cocinados en horno para servirlos en pocos minutos.<\/p>\n<p>Tiempo de cocci\u00f3n:<\/p>\n<ul>\n<li>Horno convencional 30 minutos<\/li>\n<li>Horno de convecci\u00f3n: 20 minutos<\/li>\n<\/ul>\n<p>&nbsp;<\/p>\n<div id=\"simple-translate\" class=\"simple-translate-system-theme\">\n<div>\n<div class=\"simple-translate-button isShow\" style=\"background-image: url('chrome-extension:\/\/ibplnjkanclpjokhdolnendpplpjiace\/icons\/512.png'); height: 22px; width: 22px; top: 245px; left: -3px;\"><\/div>\n<div class=\"simple-translate-panel \" style=\"width: 300px; height: 200px; top: 0px; left: 0px; font-size: 13px;\">\n<div class=\"simple-translate-result-wrapper\" style=\"overflow: hidden;\">\n<div class=\"simple-translate-move\" draggable=\"true\"><\/div>\n<div class=\"simple-translate-result-contents\">\n<p class=\"simple-translate-result\" dir=\"auto\">\n<p class=\"simple-translate-candidate\" dir=\"auto\">\n<\/div>\n<\/div>\n<\/div>\n<\/div>\n<\/div>\n","protected":false},"excerpt":{"rendered":"<p>Canelones de 10 cm de largo y 2,3 cm de di\u00e1metro. Con un peso de 50 g cada uno.<\/p>\n<p>3 bolsas de 1 Kg por caja.<\/p>\n<div id=\"simple-translate\" class=\"simple-translate-system-theme\">\n<div>\n<div class=\"simple-translate-button isShow\" style=\"background-image: url('chrome-extension:\/\/ibplnjkanclpjokhdolnendpplpjiace\/icons\/512.png'); height: 22px; width: 22px; top: 36px; left: 251px;\"><\/div>\n<div class=\"simple-translate-panel \" style=\"width: 300px; height: 200px; top: 0px; left: 0px; font-size: 13px;\">\n<div class=\"simple-translate-result-wrapper\" style=\"overflow: hidden;\">\n<div class=\"simple-translate-move\" draggable=\"true\"><\/div>\n<div class=\"simple-translate-result-contents\">\n<p class=\"simple-translate-result\" dir=\"auto\">\n<p class=\"simple-translate-candidate\" dir=\"auto\">\n<\/div>\n<\/div>\n<\/div>\n<\/div>\n<\/div>\n","protected":false},"featured_media":0,"comment_status":"open","ping_status":"closed","template":"","meta":[],"product_brand":[],"product_cat":[41,33,40],"product_tag":[],"class_list":{"0":"post-117","1":"product","2":"type-product","3":"status-publish","5":"product_cat-al-horno","6":"product_cat-food-service","7":"product_cat-pasta-congelada","9":"first","10":"instock","11":"shipping-taxable","12":"product-type-simple"},"_links":{"self":[{"href":"https:\/\/new.star-gourmet.com\/index.php?rest_route=\/wp\/v2\/product\/117","targetHints":{"allow":["GET"]}}],"collection":[{"href":"https:\/\/new.star-gourmet.com\/index.php?rest_route=\/wp\/v2\/product"}],"about":[{"href":"https:\/\/new.star-gourmet.com\/index.php?rest_route=\/wp\/v2\/types\/product"}],"replies":[{"embeddable":true,"href":"https:\/\/new.star-gourmet.com\/index.php?rest_route=%2Fwp%2Fv2%2Fcomments&post=117"}],"wp:attachment":[{"href":"https:\/\/new.star-gourmet.com\/index.php?rest_route=%2Fwp%2Fv2%2Fmedia&parent=117"}],"wp:term":[{"taxonomy":"product_brand","embeddable":true,"href":"https:\/\/new.star-gourmet.com\/index.php?rest_route=%2Fwp%2Fv2%2Fproduct_brand&post=117"},{"taxonomy":"product_cat","embeddable":true,"href":"https:\/\/new.star-gourmet.com\/index.php?rest_route=%2Fwp%2Fv2%2Fproduct_cat&post=117"},{"taxonomy":"product_tag","embeddable":true,"href":"https:\/\/new.star-gourmet.com\/index.php?rest_route=%2Fwp%2Fv2%2Fproduct_tag&post=117"}],"curies":[{"name":"wp","href":"https:\/\/api.w.org\/{rel}","templated":true}]}}