{"id":115,"date":"2026-03-26T11:55:49","date_gmt":"2026-03-26T10:55:49","guid":{"rendered":"https:\/\/new.star-gourmet.com\/?post_type=product&#038;p=115"},"modified":"2026-03-26T12:54:00","modified_gmt":"2026-03-26T11:54:00","slug":"marinada-tandoori-preparada","status":"publish","type":"product","link":"https:\/\/new.star-gourmet.com\/?product=marinada-tandoori-preparada","title":{"rendered":"MARINADA TANDOORI preparada"},"content":{"rendered":"<p>Nuestra deliciosa Marinada Tandoori es una opci\u00f3n aut\u00e9ntica y llena de sabor para dar un toque ex\u00f3tico a sus platos. Est\u00e1 inspirada en la tradicional cocina de la India, y est\u00e1 cuidadosamente elaborada con una mezcla de especias y hierbas arom\u00e1ticas que le brindar\u00e1n a sus platos un sabor \u00fanico y sorprendente.<\/p>\n<p>Con la Marinada Tandoori, carnes, aves y vegetales adquirir\u00e1n una explosi\u00f3n de sabores y aromas que lo transportar\u00e1n a un viaje culinario por el subcontinente indio.<\/p>\n<p>Dosis 100g x 1 Kg de carne<\/p>\n","protected":false},"excerpt":{"rendered":"<p>6 botes de 1 kg por caja.<\/p>\n","protected":false},"featured_media":0,"comment_status":"open","ping_status":"closed","template":"","meta":[],"product_brand":[],"product_cat":[39],"product_tag":[],"class_list":{"0":"post-115","1":"product","2":"type-product","3":"status-publish","5":"product_cat-marinadas-y-bechamel","7":"first","8":"instock","9":"shipping-taxable","10":"product-type-simple"},"_links":{"self":[{"href":"https:\/\/new.star-gourmet.com\/index.php?rest_route=\/wp\/v2\/product\/115","targetHints":{"allow":["GET"]}}],"collection":[{"href":"https:\/\/new.star-gourmet.com\/index.php?rest_route=\/wp\/v2\/product"}],"about":[{"href":"https:\/\/new.star-gourmet.com\/index.php?rest_route=\/wp\/v2\/types\/product"}],"replies":[{"embeddable":true,"href":"https:\/\/new.star-gourmet.com\/index.php?rest_route=%2Fwp%2Fv2%2Fcomments&post=115"}],"wp:attachment":[{"href":"https:\/\/new.star-gourmet.com\/index.php?rest_route=%2Fwp%2Fv2%2Fmedia&parent=115"}],"wp:term":[{"taxonomy":"product_brand","embeddable":true,"href":"https:\/\/new.star-gourmet.com\/index.php?rest_route=%2Fwp%2Fv2%2Fproduct_brand&post=115"},{"taxonomy":"product_cat","embeddable":true,"href":"https:\/\/new.star-gourmet.com\/index.php?rest_route=%2Fwp%2Fv2%2Fproduct_cat&post=115"},{"taxonomy":"product_tag","embeddable":true,"href":"https:\/\/new.star-gourmet.com\/index.php?rest_route=%2Fwp%2Fv2%2Fproduct_tag&post=115"}],"curies":[{"name":"wp","href":"https:\/\/api.w.org\/{rel}","templated":true}]}}