{"id":103,"date":"2026-03-26T11:55:28","date_gmt":"2026-03-26T10:55:28","guid":{"rendered":"https:\/\/new.star-gourmet.com\/?post_type=product&#038;p=103"},"modified":"2026-03-26T12:53:57","modified_gmt":"2026-03-26T11:53:57","slug":"salsa-barbacoa","status":"publish","type":"product","link":"https:\/\/new.star-gourmet.com\/?product=salsa-barbacoa","title":{"rendered":"SALSA <\/br>BARBACOA"},"content":{"rendered":"<p>Las salsas Ilou combinan el savoir-faire de Soreal con ingredientes cuidadosamente seleccionados, asegurando que sus salsas sean un complemento perfecto para una amplia variedad de platos. Las salsas Ilou son made in France y est\u00e1n dise\u00f1adas para elevar el sabor de sus creaciones culinarias.<\/p>\n<p>La deliciosa Salsa barbacoa de\u00a0 Ilou combina una mezcla equilibrada de sabores ahumados, dulces y picantes que deleitar\u00e1n a sus comensales. Esta salsa es ideal para acompa\u00f1ar carnes a la parrilla, costillas, hamburguesas, pollo y otros platos, brind\u00e1ndoles un sabor irresistible y una experiencia culinaria inigualable.<\/p>\n<div id=\"simple-translate\" class=\"simple-translate-system-theme\">\n<div>\n<div class=\"simple-translate-button isShow\" style=\"background-image: url('chrome-extension:\/\/ibplnjkanclpjokhdolnendpplpjiace\/icons\/512.png'); height: 22px; width: 22px; top: 40px; left: -12px;\"><\/div>\n<div class=\"simple-translate-panel \" style=\"width: 300px; height: 200px; top: 0px; left: 0px; font-size: 13px;\">\n<div class=\"simple-translate-result-wrapper\" style=\"overflow: hidden;\">\n<div class=\"simple-translate-move\" draggable=\"true\"><\/div>\n<div class=\"simple-translate-result-contents\">\n<p class=\"simple-translate-result\" dir=\"auto\">\n<p class=\"simple-translate-candidate\" dir=\"auto\">\n<\/div>\n<\/div>\n<\/div>\n<\/div>\n<\/div>\n","protected":false},"excerpt":{"rendered":"<p>10 botes de 900 ml por caja.<\/p>\n","protected":false},"featured_media":0,"comment_status":"open","ping_status":"closed","template":"","meta":[],"product_brand":[],"product_cat":[33,35,38],"product_tag":[],"class_list":{"0":"post-103","1":"product","2":"type-product","3":"status-publish","5":"product_cat-food-service","6":"product_cat-salsas","7":"product_cat-salsas-americanas","9":"first","10":"instock","11":"shipping-taxable","12":"product-type-simple"},"_links":{"self":[{"href":"https:\/\/new.star-gourmet.com\/index.php?rest_route=\/wp\/v2\/product\/103","targetHints":{"allow":["GET"]}}],"collection":[{"href":"https:\/\/new.star-gourmet.com\/index.php?rest_route=\/wp\/v2\/product"}],"about":[{"href":"https:\/\/new.star-gourmet.com\/index.php?rest_route=\/wp\/v2\/types\/product"}],"replies":[{"embeddable":true,"href":"https:\/\/new.star-gourmet.com\/index.php?rest_route=%2Fwp%2Fv2%2Fcomments&post=103"}],"wp:attachment":[{"href":"https:\/\/new.star-gourmet.com\/index.php?rest_route=%2Fwp%2Fv2%2Fmedia&parent=103"}],"wp:term":[{"taxonomy":"product_brand","embeddable":true,"href":"https:\/\/new.star-gourmet.com\/index.php?rest_route=%2Fwp%2Fv2%2Fproduct_brand&post=103"},{"taxonomy":"product_cat","embeddable":true,"href":"https:\/\/new.star-gourmet.com\/index.php?rest_route=%2Fwp%2Fv2%2Fproduct_cat&post=103"},{"taxonomy":"product_tag","embeddable":true,"href":"https:\/\/new.star-gourmet.com\/index.php?rest_route=%2Fwp%2Fv2%2Fproduct_tag&post=103"}],"curies":[{"name":"wp","href":"https:\/\/api.w.org\/{rel}","templated":true}]}}